{"id":6897,"date":"2024-07-05T13:26:47","date_gmt":"2024-07-05T11:26:47","guid":{"rendered":"https:\/\/demo2.egm.at\/www.cp-immo.at\/?page_id=6533"},"modified":"2024-07-31T21:59:27","modified_gmt":"2024-07-31T19:59:27","slug":"finanzbuchhaltung-objektbuchhaltung","status":"publish","type":"page","link":"https:\/\/www.cp-immo.at\/home\/produkt\/finanzbuchhaltung-objektbuchhaltung\/","title":{"rendered":"Finanzbuchhaltung + Objektbuchhaltung"},"content":{"rendered":"<div id=\"pl-6897\"  class=\"panel-layout\" ><div id=\"pg-6897-0\"  class=\"panel-grid panel-has-style\" ><div class=\"prodetails panel-row-style panel-row-style-for-6897-0\" ><div id=\"pgc-6897-0-0\"  class=\"panel-grid-cell\" ><div id=\"panel-6897-0-0-0\" class=\"so-panel widget widget_sow-features panel-first-child panel-last-child\" data-index=\"0\" ><div class=\"panel-widget-style panel-widget-style-for-6897-0-0-0\" ><div\n\t\t\t\n\t\t\tclass=\"so-widget-sow-features so-widget-sow-features-default-373872da7f77-6897\"\n\t\t\t\n\t\t><ul\n\tclass=\"sow-features-list\n\tsow-features-responsive\">\n\n\t\t\t<li\n\t\t\tclass=\"sow-features-feature sow-icon-container-position-left\"\n\t\t\tstyle=\"display: flex; flex-direction: row-reverse; width: calc(100% - 25px);\"\n\t\t>\n\t\t\t\n\t\t\t\t\t\t<div\t\t\t\tclass=\"sow-icon-container sow-container-rounded-square\"\n\t\t\t\tstyle=\"color: #006298; \"\n\t\t\t\ttitle=\"Finanzbuchhaltung + Objektbuchhaltung\"\n\t\t\t\t\t\t\t>\n\t\t\t\t<span class=\"sow-icon-materialicons sowm-regular\" data-sow-icon=\"&#xe02f\"\n\t\tstyle=\"font-size: 130px; color: #ffffff\" \n\t\taria-hidden=\"true\"><\/span>\t\t\t<\/div>\n\n\t\t\t<div class=\"textwidget\">\n\t\t\t\t\n\t\t\t\t\t\t\t\t\t<h2 class=\"sow-features-feature-title\">\n\t\t\t\t\t\tFinanzbuchhaltung + Objektbuchhaltung\t\t\t\t\t<\/h2>\n\t\t\t\t\n\t\t\t\t\t\t\t\t\t<div class=\"sow-features-feature-text\">\n\t\t\t\t\t<p>Mit der Finanzbuchhaltung von&nbsp;<strong>domizil<sup>+<\/sup><\/strong>&nbsp;erhalten Sie eine f\u00fcr die Wohnungswirtschaft ma\u00dfgeschneiderte Finanz\u00adbuch\u00adhaltung, die alle Anforderungen und Spielarten der Immobilienbranche abdeckt. Schnelle Buchungserfassung, Einfachheit und Nachvollziehbarkeit der Gesch\u00e4ftsf\u00e4lle stehen im Vordergrund und werden durch l\u00fcckenlose Dokumentation aller Datenbewegungen garantiert. Die Finanzbuchhaltung kann \u2013 wie alle anderen Module des&nbsp;<strong>domizil<sup>+<\/sup><\/strong>&nbsp;Rechnungswesens \u2013 para\u00admetergesteuert punktgenau an die Bed\u00fcrfnisse Ihres Unternehmens angepasst werden. Wesentliche Funktionsmerkmale:<\/p>\n<ul>\n<li>Mehrere Jahre gleichzeitig im Zugriff<\/li>\n<li>Freie Kontenplanvergabe (Objektbuchhaltung und Finanzbuchhaltung)<\/li>\n<li>Gesonderte Kontenkreise f\u00fcr Eigentumsgemeinschaften mit Objektkonten, Objektbilanzen und Jahresabschluss \u2013 jedes Objekt f\u00fcr sich getrennt (Buchung auf Objektkonten)<\/li>\n<li>Frei definierbare Kostenarten je Kontoart (z.B. Betriebskosten, Heizkosten, Instandhaltung, Bau, Mietzinsverrechnung, usw.), frei w\u00e4hlbare Zuordnung der Umsatzsteuer\/Vorsteuer je Kostenart<\/li>\n<li>Frei definierbare Datenfelder (z.B. Versicherungsvermerke, Budget, etc.)<\/li>\n<li>Kostenrechnungs-Funktionalit\u00e4t f\u00fcr jedes Konto<\/li>\n<li>Splittbuchungen \u00fcber verschiedene Objekte hinweg<\/li>\n<li>Alle Auswertungen auch auf Objektebene verf\u00fcgbar<\/li>\n<li>Objekt\u00fcbergreifende Auswertungsm\u00f6glichkeiten<\/li>\n<li>Strukturierte Bilanzlistungen und Bilanzbeilagen<\/li>\n<li>Frei definierbare Umsatzsteuer-Verrechnungskreise f\u00fcr einzelne Objekte (z.B. WEGs) oder auch Gruppen von Objekten<\/li>\n<li>Abdeckung aller \u00f6sterreichischen umsatzsteuerrechtlichen Besonderheiten der Immobilienbranche (Umsatzsteuer vom Aufwand, M\u00f6glichkeit zur Ist-Versteuerung f\u00fcr Aufwand, autom. Vorsteuerk\u00fcrzung f\u00fcr unechte Steuerbefreiung, Sach\u00adauf\u00ad\u00adwand Unternehmen)<\/li>\n<li>Periodenreine Umsatzsteuer-Ermittlung, Druck Umsatzsteuer-Voranmeldung und USt-Erkl\u00e4rung unabh\u00e4ngig vom Buchungsfortschritt<\/li>\n<li>Auswertungen, z.B. Saldenlistungen mit Vergleich Vorperioden<\/li>\n<li>Verwaltungskostenrechnung<\/li>\n<li>Salden- und Ertrags\u00fcbertr\u00e4ge<\/li>\n<li>Lastschriftseingang - Verarbeiten von Telebanking-Exportdaten f\u00fcr die Erstellung von Zahlungsbuchungen mit automatischer Gegenbuchung der Eingangsrechnungen (Aufwand von Betriebskosten, Reparaturfonds, Baukonto, usw.)<\/li>\n<li>Sammleraufteilung<\/li>\n<li>Automatisierbarer Abschluss Nebenbuchhaltung (Klasse 6)<\/li>\n<li>Objektabrechnungen, Hauptmietzinsabrechnung, Hauseigent\u00fcmerabrechnung<\/li>\n<li>Einkommensteuerbeiblatt in der Hausverwaltung<\/li>\n<li>Automatisierbare Abl\u00e4ufe (z.B. Drucken im Stapel)<\/li>\n<li>Ausgereiftes Sicherheitskonzept<\/li>\n<li>M\u00f6glichkeiten zum Import von Buchungen \u00fcber Textdatei (f\u00fcr alle Sachbereiche)<\/li>\n<\/ul>\n\t\t\t\t\t<\/div>\n\t\t\t\t\t\t\t\t<\/div>\n\t\t\t\t\t\t\t\t<\/li>\n\n\t<\/ul>\n<\/div><\/div><\/div><\/div><div id=\"pgc-6897-0-1\"  class=\"panel-grid-cell\" ><div id=\"panel-6897-0-1-0\" class=\"so-panel widget widget_nav_menu panel-first-child\" data-index=\"1\" ><div class=\"menu-produktfeatures-container\"><ul id=\"menu-produktfeatures\" class=\"menu\"><li id=\"menu-item-6928\" class=\"menu-item menu-item-type-post_type menu-item-object-page menu-item-has-children menu-item-6928\"><a href=\"https:\/\/www.cp-immo.at\/home\/produkt\/\">Produktinfo<\/a>\n<ul class=\"sub-menu\">\n\t<li id=\"menu-item-6937\" class=\"menu-item menu-item-type-post_type menu-item-object-page menu-item-6937\"><a href=\"https:\/\/www.cp-immo.at\/home\/produkt\/finanzbuchhaltung-objektbuchhaltung\/\">Finanzbuchhaltung + Objektbuchhaltung<\/a><\/li>\n\t<li id=\"menu-item-6936\" class=\"menu-item menu-item-type-post_type menu-item-object-page menu-item-6936\"><a href=\"https:\/\/www.cp-immo.at\/home\/produkt\/bestandnehmerbuchhaltung\/\">Bestandnehmerbuchhaltung<\/a><\/li>\n\t<li id=\"menu-item-6935\" class=\"menu-item menu-item-type-post_type menu-item-object-page menu-item-6935\"><a href=\"https:\/\/www.cp-immo.at\/home\/produkt\/jahresabrechnung\/\">Jahresabrechnung<\/a><\/li>\n\t<li id=\"menu-item-6934\" class=\"menu-item menu-item-type-post_type menu-item-object-page menu-item-6934\"><a href=\"https:\/\/www.cp-immo.at\/home\/produkt\/kreditorenbuchhaltung\/\">Kreditorenbuchhaltung<\/a><\/li>\n\t<li id=\"menu-item-6933\" class=\"menu-item menu-item-type-post_type menu-item-object-page menu-item-6933\"><a href=\"https:\/\/www.cp-immo.at\/home\/produkt\/baubuchhaltung\/\">Baubuchhaltung<\/a><\/li>\n\t<li id=\"menu-item-6932\" class=\"menu-item menu-item-type-post_type menu-item-object-page menu-item-6932\"><a href=\"https:\/\/www.cp-immo.at\/home\/produkt\/darlehensbuchhaltung\/\">Darlehensbuchhaltung<\/a><\/li>\n\t<li id=\"menu-item-6931\" class=\"menu-item menu-item-type-post_type menu-item-object-page menu-item-6931\"><a href=\"https:\/\/www.cp-immo.at\/home\/produkt\/kaufanwaerterbuchhaltung\/\">Kaufanw\u00e4rterbuchhaltung<\/a><\/li>\n\t<li id=\"menu-item-6930\" class=\"menu-item menu-item-type-post_type menu-item-object-page menu-item-6930\"><a href=\"https:\/\/www.cp-immo.at\/home\/produkt\/mitgliederbuchhaltung\/\">Mitgliederbuchhaltung<\/a><\/li>\n\t<li id=\"menu-item-6929\" class=\"menu-item menu-item-type-post_type menu-item-object-page menu-item-6929\"><a href=\"https:\/\/www.cp-immo.at\/home\/produkt\/sonstige-module\/\">Sonstige Module<\/a><\/li>\n<\/ul>\n<\/li>\n<\/ul><\/div><\/div><div id=\"panel-6897-0-1-1\" class=\"so-panel widget widget_sow-image panel-last-child\" data-index=\"2\" ><div\n\t\t\t\n\t\t\tclass=\"so-widget-sow-image so-widget-sow-image-default-4e6925654b7a-6897\"\n\t\t\t\n\t\t>\n<div class=\"sow-image-container\">\n\t\t\t<a href=\"https:\/\/www.domizilplus.at\/de\/rechnungswesen\"\n\t\t\ttarget=\"_blank\" rel=\"noopener noreferrer\" \t\t>\n\t\t\t<img \n\tsrc=\"https:\/\/www.cp-immo.at\/home\/wp-content\/uploads\/2019\/04\/cropped-dpluslogo-150x150.png\" width=\"150\" height=\"150\" srcset=\"https:\/\/www.cp-immo.at\/home\/wp-content\/uploads\/2019\/04\/cropped-dpluslogo-150x150.png 150w, https:\/\/www.cp-immo.at\/home\/wp-content\/uploads\/2019\/04\/cropped-dpluslogo-300x300.png 300w, https:\/\/www.cp-immo.at\/home\/wp-content\/uploads\/2019\/04\/cropped-dpluslogo-360x360.png 360w, https:\/\/www.cp-immo.at\/home\/wp-content\/uploads\/2019\/04\/cropped-dpluslogo.png 628w\" sizes=\"(max-width: 150px) 100vw, 150px\" title=\"DomizilPlus Logo\" alt=\"DomizilPlus Logo\" \t\tclass=\"so-widget-image\"\/>\n\t\t\t<\/a><\/div>\n\n<\/div><\/div><\/div><\/div><\/div><div id=\"pg-6897-1\"  class=\"panel-grid panel-has-style\" ><div class=\"cta-startseite siteorigin-panels-stretch panel-row-style panel-row-style-for-6897-1\" data-stretch-type=\"full\" ><div id=\"pgc-6897-1-0\"  class=\"panel-grid-cell\" ><div id=\"panel-6897-1-0-0\" class=\"so-panel widget widget_sow-cta panel-first-child panel-last-child\" data-index=\"3\" ><div class=\"so-rounded panel-widget-style panel-widget-style-for-6897-1-0-0\" ><div\n\t\t\t\n\t\t\tclass=\"so-widget-sow-cta so-widget-sow-cta-default-ef72ff6b001e-6897\"\n\t\t\t\n\t\t><div\n\tclass=\"sow-cta-base\"\n\t>\n\t\n\t<div class=\"sow-cta-wrapper\">\n\n\t\t<div class=\"sow-cta-text\">\n\t\t\t\t\t\t\t<h2 class=\"sow-cta-title\">\n\t\t\t\t\tInteressiert?\t\t\t\t<\/h2>\n\t\t\t\n\t\t\t\t\t\t\t<h2 class=\"sow-cta-subtitle\">\n\t\t\t\t\tWir zeigen Ihnen gerne, wie Sie mit domizil<sup>+<\/sup> Rechnungswesen effizienter und einfacher arbeiten k\u00f6nnen als bisher.\t\t\t\t<\/h2>\n\t\t\t\t\t<\/div>\n\n\t\t<div\n\t\t\t\n\t\t\tclass=\"so-widget-sow-button so-widget-sow-button-flat-5abe44b2da9d\"\n\t\t\t\n\t\t><div class=\"ow-button-base ow-button-align-center\"\n>\n\t\t\t<a\n\t\t\t\t\thref=\"https:\/\/www.cp-immo.at\/home\/kontakt\/\"\n\t\t\t\t\tclass=\"sowb-button ow-icon-placement-left ow-button-hover\" \t>\n\t\t<span>\n\t\t\t\n\t\t\tJetzt R\u00fcckruf anfordern\t\t<\/span>\n\t\t\t<\/a>\n\t<\/div>\n<\/div>\n\t<\/div>\n\n\t<\/div>\n<\/div><\/div><\/div><\/div><\/div><\/div><\/div>","protected":false},"excerpt":{"rendered":"<p>Finanzbuchhaltung + Objektbuchhaltung Mit der Finanzbuchhaltung von&nbsp;domizil+&nbsp;erhalten Sie eine f\u00fcr die Wohnungswirtschaft ma\u00dfgeschneiderte Finanz\u00adbuch\u00adhaltung, die alle Anforderungen und Spielarten der &#8230; <a title=\"Finanzbuchhaltung + Objektbuchhaltung\" class=\"read-more\" href=\"https:\/\/www.cp-immo.at\/home\/produkt\/finanzbuchhaltung-objektbuchhaltung\/\" aria-label=\"Mehr Informationen \u00fcber Finanzbuchhaltung + Objektbuchhaltung\">Weiterlesen<\/a><\/p>\n","protected":false},"author":463,"featured_media":0,"parent":6666,"menu_order":10,"comment_status":"closed","ping_status":"closed","template":"","meta":{"_bbp_topic_count":0,"_bbp_reply_count":0,"_bbp_total_topic_count":0,"_bbp_total_reply_count":0,"_bbp_voice_count":0,"_bbp_anonymous_reply_count":0,"_bbp_topic_count_hidden":0,"_bbp_reply_count_hidden":0,"_bbp_forum_subforum_count":0,"ngg_post_thumbnail":0,"footnotes":""},"class_list":["post-6897","page","type-page","status-publish"],"_links":{"self":[{"href":"https:\/\/www.cp-immo.at\/home\/wp-json\/wp\/v2\/pages\/6897","targetHints":{"allow":["GET"]}}],"collection":[{"href":"https:\/\/www.cp-immo.at\/home\/wp-json\/wp\/v2\/pages"}],"about":[{"href":"https:\/\/www.cp-immo.at\/home\/wp-json\/wp\/v2\/types\/page"}],"author":[{"embeddable":true,"href":"https:\/\/www.cp-immo.at\/home\/wp-json\/wp\/v2\/users\/463"}],"replies":[{"embeddable":true,"href":"https:\/\/www.cp-immo.at\/home\/wp-json\/wp\/v2\/comments?post=6897"}],"version-history":[{"count":3,"href":"https:\/\/www.cp-immo.at\/home\/wp-json\/wp\/v2\/pages\/6897\/revisions"}],"predecessor-version":[{"id":6941,"href":"https:\/\/www.cp-immo.at\/home\/wp-json\/wp\/v2\/pages\/6897\/revisions\/6941"}],"up":[{"embeddable":true,"href":"https:\/\/www.cp-immo.at\/home\/wp-json\/wp\/v2\/pages\/6666"}],"wp:attachment":[{"href":"https:\/\/www.cp-immo.at\/home\/wp-json\/wp\/v2\/media?parent=6897"}],"curies":[{"name":"wp","href":"https:\/\/api.w.org\/{rel}","templated":true}]}}