{"id":6843,"date":"2019-04-22T10:41:36","date_gmt":"2019-04-22T08:41:36","guid":{"rendered":"https:\/\/demo2.egm.at\/www.cp-immo.at\/?page_id=76"},"modified":"2024-08-05T13:49:56","modified_gmt":"2024-08-05T11:49:56","slug":"ueber-uns","status":"publish","type":"page","link":"https:\/\/www.cp-immo.at\/home\/ueber-uns\/","title":{"rendered":"\u00dcber uns"},"content":{"rendered":"<div id=\"pl-6843\"  class=\"panel-layout\" ><div id=\"pg-6843-0\"  class=\"panel-grid panel-no-style\" ><div id=\"pgc-6843-0-0\"  class=\"panel-grid-cell\" ><div id=\"panel-6843-0-0-0\" class=\"so-panel widget widget_sow-editor panel-first-child\" data-index=\"0\" ><div\n\t\t\t\n\t\t\tclass=\"so-widget-sow-editor so-widget-sow-editor-base\"\n\t\t\t\n\t\t>\n<div class=\"siteorigin-widget-tinymce textwidget\">\n\t<h1>\u00dcber uns<\/h1>\n<p>Die CP Immo Solutions ist Marktf\u00fchrer im Bereich Rechnungswesensoftware f\u00fcr gemeinn\u00fctzige <span lang=\"en-US\">Wohnbauvereinigungen<\/span><span lang=\"en-US\">. Wir kennen die Branche \u00fcber Jahrzehnte \u2013 und wir haben das Know-how, um eine ausgereifte und verl\u00e4ssliche Softwarel\u00f6sung <\/span><span lang=\"de-AT\">anzu<\/span><span lang=\"en-US\">bieten. Wir wissen was unsere Kunden ben\u00f6tigen und erm\u00f6glichen mit unserer Software <\/span><span lang=\"de-AT\">nicht nur <\/span><span lang=\"en-US\">effizientes und einfaches<\/span><span lang=\"de-AT\">, sondern auch korrektes <\/span><span lang=\"en-US\">Arbeiten.<\/span><\/p>\n<hr \/>\n<\/div>\n<\/div><\/div><div id=\"panel-6843-0-0-1\" class=\"so-panel widget widget_sow-features\" data-index=\"1\" ><div class=\"panel-widget-style panel-widget-style-for-6843-0-0-1\" ><div\n\t\t\t\n\t\t\tclass=\"so-widget-sow-features so-widget-sow-features-default-56da027c8ebc-6843\"\n\t\t\t\n\t\t><ul\n\tclass=\"sow-features-list\n\tsow-features-responsive\">\n\n\t\t\t<li\n\t\t\tclass=\"sow-features-feature sow-icon-container-position-top\"\n\t\t\tstyle=\"display: flex; flex-direction: column; width: calc(33.333% - 25px);\"\n\t\t>\n\t\t\t\n\t\t\t\t\t\t<div\t\t\t\tclass=\"sow-icon-container sow-container-rounded-square\"\n\t\t\t\tstyle=\"color: #006298; \"\n\t\t\t\ttitle=\"Langj\u00e4hrige Erfahrung\"\n\t\t\t\t\t\t\t>\n\t\t\t\t<span class=\"sow-icon-materialicons sowm-regular\" data-sow-icon=\"&#xec09\"\n\t\tstyle=\"font-size: 65px; color: #ffffff\" \n\t\taria-hidden=\"true\"><\/span>\t\t\t<\/div>\n\n\t\t\t<div class=\"textwidget\">\n\t\t\t\t\n\t\t\t\t\t\t\t\t\t<h2 class=\"sow-features-feature-title\">\n\t\t\t\t\t\tLangj\u00e4hrige Erfahrung\t\t\t\t\t<\/h2>\n\t\t\t\t\n\t\t\t\t\t\t\t\t\t<div class=\"sow-features-feature-text\">\n\t\t\t\t\t<p>Unser Know-how beruht auf eine 50-j\u00e4hrige Organisations- und Programmier-Erfahrung im kaufm\u00e4nnischen Wohnungswirtschaftsbereich.<\/p>\n\t\t\t\t\t<\/div>\n\t\t\t\t\t\t\t\t<\/div>\n\t\t\t\t\t\t\t\t<\/li>\n\n\t\t\t<li\n\t\t\tclass=\"sow-features-feature sow-icon-container-position-top\"\n\t\t\tstyle=\"display: flex; flex-direction: column; width: calc(33.333% - 25px);\"\n\t\t>\n\t\t\t\n\t\t\t\t\t\t<div\t\t\t\tclass=\"sow-icon-container sow-container-rounded-square\"\n\t\t\t\tstyle=\"color: #006298; \"\n\t\t\t\ttitle=\"Hohe Anzahl an Referenzen\"\n\t\t\t\t\t\t\t>\n\t\t\t\t<span class=\"sow-icon-materialicons sowm-regular\" data-sow-icon=\"&#xf8df\"\n\t\tstyle=\"font-size: 65px; color: #ffffff\" \n\t\taria-hidden=\"true\"><\/span>\t\t\t<\/div>\n\n\t\t\t<div class=\"textwidget\">\n\t\t\t\t\n\t\t\t\t\t\t\t\t\t<h2 class=\"sow-features-feature-title\">\n\t\t\t\t\t\tHohe Anzahl an Referenzen\t\t\t\t\t<\/h2>\n\t\t\t\t\n\t\t\t\t\t\t\t\t\t<div class=\"sow-features-feature-text\">\n\t\t\t\t\tNeben zahlreichen gewerblichen Hausverwaltern arbeiten u.a. mehr als 80 der \u00d6sterreichischen gemeinn\u00fctzigen Bauvereinigungen und Gesellschaften mit unserer Softwarel\u00f6sung.\t\t\t\t\t<\/div>\n\t\t\t\t\t\t\t\t<\/div>\n\t\t\t\t\t\t\t\t<\/li>\n\n\t\t\t<li\n\t\t\tclass=\"sow-features-feature sow-icon-container-position-top\"\n\t\t\tstyle=\"display: flex; flex-direction: column; width: calc(33.333% - 25px);\"\n\t\t>\n\t\t\t\n\t\t\t\t\t\t<div\t\t\t\tclass=\"sow-icon-container sow-container-rounded-square\"\n\t\t\t\tstyle=\"color: #006298; \"\n\t\t\t\ttitle=\"Hohe Marktpr\u00e4senz\"\n\t\t\t\t\t\t\t>\n\t\t\t\t<span class=\"sow-icon-materialicons sowm-regular\" data-sow-icon=\"&#xf8d7\"\n\t\tstyle=\"font-size: 65px; color: #ffffff\" \n\t\taria-hidden=\"true\"><\/span>\t\t\t<\/div>\n\n\t\t\t<div class=\"textwidget\">\n\t\t\t\t\n\t\t\t\t\t\t\t\t\t<h2 class=\"sow-features-feature-title\">\n\t\t\t\t\t\tHohe Marktpr\u00e4senz\t\t\t\t\t<\/h2>\n\t\t\t\t\n\t\t\t\t\t\t\t\t\t<div class=\"sow-features-feature-text\">\n\t\t\t\t\t<p>Wir sind die \u201eNummer 1\u201c bei gemeinn\u00fctzigen Wohnbauvereinigungen in \u00d6sterreich, \u00fcber die H\u00e4lfte der in \u00d6sterreich verwalteten Einheiten werden mit domizil<sup>+<\/sup> verwaltet.<\/p>\n\t\t\t\t\t<\/div>\n\t\t\t\t\t\t\t\t<\/div>\n\t\t\t\t\t\t\t\t<\/li>\n\n\t\t\t<li\n\t\t\tclass=\"sow-features-feature sow-icon-container-position-top\"\n\t\t\tstyle=\"display: flex; flex-direction: column; width: calc(33.333% - 25px);\"\n\t\t>\n\t\t\t\n\t\t\t\t\t\t<div\t\t\t\tclass=\"sow-icon-container sow-container-rounded-square\"\n\t\t\t\tstyle=\"color: #006298; \"\n\t\t\t\ttitle=\"St\u00e4ndiger Kontakt zum Pr\u00fcfungsverband\"\n\t\t\t\t\t\t\t>\n\t\t\t\t<span class=\"sow-icon-materialicons sowm-regular\" data-sow-icon=\"&#xe065\"\n\t\tstyle=\"font-size: 65px; color: #ffffff\" \n\t\taria-hidden=\"true\"><\/span>\t\t\t<\/div>\n\n\t\t\t<div class=\"textwidget\">\n\t\t\t\t\n\t\t\t\t\t\t\t\t\t<h2 class=\"sow-features-feature-title\">\n\t\t\t\t\t\tSt\u00e4ndiger Kontakt zum Pr\u00fcfungsverband\t\t\t\t\t<\/h2>\n\t\t\t\t\n\t\t\t\t\t\t\t\t\t<div class=\"sow-features-feature-text\">\n\t\t\t\t\tLaufende Zusammenarbeit mit Experten aus der Wohnungswirtschaft sowie laufende Kontakte mit dem \u00d6sterr. Verband der gemeinn\u00fctzigen Bauvereinigungen gew\u00e4hrleisten eine L\u00f6sung auf letztem Wissensstand.\t\t\t\t\t<\/div>\n\t\t\t\t\t\t\t\t<\/div>\n\t\t\t\t\t\t\t\t<\/li>\n\n\t\t\t<li\n\t\t\tclass=\"sow-features-feature sow-icon-container-position-top\"\n\t\t\tstyle=\"display: flex; flex-direction: column; width: calc(33.333% - 25px);\"\n\t\t>\n\t\t\t\n\t\t\t\t\t\t<div\t\t\t\tclass=\"sow-icon-container sow-container-rounded-square\"\n\t\t\t\tstyle=\"color: #006298; \"\n\t\t\t\ttitle=\"Kontinuierliche Programmwartung\"\n\t\t\t\t\t\t\t>\n\t\t\t\t<span class=\"sow-icon-materialicons sowm-regular\" data-sow-icon=\"&#xf05e\"\n\t\tstyle=\"font-size: 65px; color: #ffffff\" \n\t\taria-hidden=\"true\"><\/span>\t\t\t<\/div>\n\n\t\t\t<div class=\"textwidget\">\n\t\t\t\t\n\t\t\t\t\t\t\t\t\t<h2 class=\"sow-features-feature-title\">\n\t\t\t\t\t\tKontinuierliche Programmwartung\t\t\t\t\t<\/h2>\n\t\t\t\t\n\t\t\t\t\t\t\t\t\t<div class=\"sow-features-feature-text\">\n\t\t\t\t\t<p>Unsere agile Entwicklungsmethodik garantiert, dass bei \u00c4nderungen der Gesetzeslage meist schon kurz nach Beschlussfassung oder Verlautbarung eine fertige L\u00f6sung zur Verf\u00fcgung steht.<\/p>\n\t\t\t\t\t<\/div>\n\t\t\t\t\t\t\t\t<\/div>\n\t\t\t\t\t\t\t\t<\/li>\n\n\t\t\t<li\n\t\t\tclass=\"sow-features-feature sow-icon-container-position-top\"\n\t\t\tstyle=\"display: flex; flex-direction: column; width: calc(33.333% - 25px);\"\n\t\t>\n\t\t\t\n\t\t\t\t\t\t<div\t\t\t\tclass=\"sow-icon-container sow-container-rounded-square\"\n\t\t\t\tstyle=\"color: #006298; \"\n\t\t\t\ttitle=\"Ein komplettes Leistungsangebot\"\n\t\t\t\t\t\t\t>\n\t\t\t\t<span class=\"sow-icon-materialicons sowm-regular\" data-sow-icon=\"&#xe5c3\"\n\t\tstyle=\"font-size: 65px; color: #ffffff\" \n\t\taria-hidden=\"true\"><\/span>\t\t\t<\/div>\n\n\t\t\t<div class=\"textwidget\">\n\t\t\t\t\n\t\t\t\t\t\t\t\t\t<h2 class=\"sow-features-feature-title\">\n\t\t\t\t\t\tEin komplettes Leistungsangebot\t\t\t\t\t<\/h2>\n\t\t\t\t\n\t\t\t\t\t\t\t\t\t<div class=\"sow-features-feature-text\">\n\t\t\t\t\t<p>Das Leistungsangebot der CP Gruppe deckt alle Anforderungen an eine moderne Hausverwaltung sowohl buchhalterischer als auch verwaltungstechnischer Natur ab. S\u00e4mtliche in einer Hausverwaltung anfallenden Arbeiten k\u00f6nnen mit domizil<sup>+<\/sup> durchgef\u00fchrt werden.<\/p>\n\t\t\t\t\t<\/div>\n\t\t\t\t\t\t\t\t<\/div>\n\t\t\t\t\t\t\t\t<\/li>\n\n\t<\/ul>\n<\/div><\/div><\/div><div id=\"panel-6843-0-0-2\" class=\"so-panel widget widget_sow-editor panel-last-child\" data-index=\"2\" ><div\n\t\t\t\n\t\t\tclass=\"so-widget-sow-editor so-widget-sow-editor-base\"\n\t\t\t\n\t\t>\n<div class=\"siteorigin-widget-tinymce textwidget\">\n\t<hr \/>\n<p>Im Zuge der Gr\u00fcndung unseres Unternehmens wurde im Jahr 2009 das Wohnungswirtschafts-Softwarepaket JET Domizil und das zugeh\u00f6rige Team \u00fcbernommen. Im Jahr 2010 wurde in einem ambitionierten Team von Software-Entwicklern mit der Neuentwicklung begonnen und bereits 2012 konnte die neue Softwaregeneration domizil<sup>+<\/sup> in die erste Teststellung gehen.<\/p>\n<p>Wir entwickeln Buchhaltungs- und Verrechnungs-Software sowohl f\u00fcr die gemeinn\u00fctzige als auch die gewerbliche Wohnungswirtschaft - f\u00fcr den langfristigen Erfolg unserer Anwender erarbeiten wir best-practice-L\u00f6sungen und ein state-of-the-art Produktportfolio.<\/p>\n<p>Unsere Mitarbeiter sind der Grundstein f\u00fcr unseren Erfolg. <a href=\"https:\/\/www.cp-immo.at\/home\/team\/\">Nur das beste Team<\/a> kann neue Herausforderungen bew\u00e4ltigen. Starke Werte wie Verl\u00e4sslichkeit, Respekt, technische Kompetenz und fachliches Know-how beeinflussen nicht nur unsere Softwarel\u00f6sung, sondern auch die Art und Weise wie wir arbeiten und unsere Kunden betreuen.<\/p>\n<\/div>\n<\/div><\/div><\/div><\/div><\/div>","protected":false},"excerpt":{"rendered":"<p>\u00dcber uns Die CP Immo Solutions ist Marktf\u00fchrer im Bereich Rechnungswesensoftware f\u00fcr gemeinn\u00fctzige Wohnbauvereinigungen. Wir kennen die Branche \u00fcber Jahrzehnte &#8230; <a title=\"\u00dcber uns\" class=\"read-more\" href=\"https:\/\/www.cp-immo.at\/home\/ueber-uns\/\" aria-label=\"Mehr Informationen \u00fcber \u00dcber uns\">Weiterlesen<\/a><\/p>\n","protected":false},"author":463,"featured_media":0,"parent":0,"menu_order":0,"comment_status":"closed","ping_status":"closed","template":"","meta":{"_bbp_topic_count":0,"_bbp_reply_count":0,"_bbp_total_topic_count":0,"_bbp_total_reply_count":0,"_bbp_voice_count":0,"_bbp_anonymous_reply_count":0,"_bbp_topic_count_hidden":0,"_bbp_reply_count_hidden":0,"_bbp_forum_subforum_count":0,"ngg_post_thumbnail":0,"footnotes":""},"class_list":["post-6843","page","type-page","status-publish"],"_links":{"self":[{"href":"https:\/\/www.cp-immo.at\/home\/wp-json\/wp\/v2\/pages\/6843","targetHints":{"allow":["GET"]}}],"collection":[{"href":"https:\/\/www.cp-immo.at\/home\/wp-json\/wp\/v2\/pages"}],"about":[{"href":"https:\/\/www.cp-immo.at\/home\/wp-json\/wp\/v2\/types\/page"}],"author":[{"embeddable":true,"href":"https:\/\/www.cp-immo.at\/home\/wp-json\/wp\/v2\/users\/463"}],"replies":[{"embeddable":true,"href":"https:\/\/www.cp-immo.at\/home\/wp-json\/wp\/v2\/comments?post=6843"}],"version-history":[{"count":3,"href":"https:\/\/www.cp-immo.at\/home\/wp-json\/wp\/v2\/pages\/6843\/revisions"}],"predecessor-version":[{"id":7010,"href":"https:\/\/www.cp-immo.at\/home\/wp-json\/wp\/v2\/pages\/6843\/revisions\/7010"}],"wp:attachment":[{"href":"https:\/\/www.cp-immo.at\/home\/wp-json\/wp\/v2\/media?parent=6843"}],"curies":[{"name":"wp","href":"https:\/\/api.w.org\/{rel}","templated":true}]}}