{"id":6840,"date":"2019-10-17T14:45:25","date_gmt":"2019-10-17T12:45:25","guid":{"rendered":"https:\/\/demo2.egm.at\/www.cp-immo.at\/?page_id=920"},"modified":"2025-09-26T08:47:09","modified_gmt":"2025-09-26T06:47:09","slug":"team","status":"publish","type":"page","link":"https:\/\/www.cp-immo.at\/home\/team\/","title":{"rendered":"Team"},"content":{"rendered":"<div id=\"pl-6840\"  class=\"panel-layout\" ><div id=\"pg-6840-0\"  class=\"panel-grid panel-has-style\" ><div class=\"meet-the-team panel-row-style panel-row-style-for-6840-0\" ><div id=\"pgc-6840-0-0\"  class=\"panel-grid-cell\" ><div id=\"panel-6840-0-0-0\" class=\"so-panel widget widget_sow-editor panel-first-child\" data-index=\"0\" ><div\n\t\t\t\n\t\t\tclass=\"so-widget-sow-editor so-widget-sow-editor-base\"\n\t\t\t\n\t\t>\n<div class=\"siteorigin-widget-tinymce textwidget\">\n\t<h1>Das Team der CP Immo Solutions begr\u00fc\u00dft Sie herzlich!<\/h1>\n<p>Vom Bodensee bis zum Neusiedlersee - der \u00fcberwiegende Teil der gemeinn\u00fctzigen Wohnbaugesellschaften in \u00d6sterreich verwendet die Rechnungswesen-L\u00f6sung der CP Immo Solutions.<\/p>\n<p>Das Team der CP Immo hat mit domizil<sup>+<\/sup> \u00fcber mehr als 40 Jahre Erfahrung in der Wohnungswirtschaftsbranche. Das ist ein Alleinstellungsmerkmal, das seinesgleichen sucht. Dementsprechend verf\u00fcgt die CP Immo auch \u00fcber ein Netzwerk an Experten, die die vielf\u00e4ltigen Aufgabenstellungen und Anforderungen, die die aktuellen Zeiten mit sich bringen, kennen, l\u00f6sen und vor allem auch erkl\u00e4ren k\u00f6nnen. Der Zugang zum Anwender ist eine der St\u00e4rken unseres Teams - der Fokus auf die Zufriedenheit unserer Anwender:innen ist unser Credo.<\/p>\n<\/div>\n<\/div><\/div><div id=\"panel-6840-0-0-1\" class=\"so-panel widget widget_sow-anything-carousel panel-last-child\" data-index=\"1\" ><div\n\t\t\t\n\t\t\tclass=\"so-widget-sow-anything-carousel so-widget-sow-anything-carousel-base-33e8e8de072e-6840\"\n\t\t\t\n\t\t><div class=\"sow-carousel-title\">\n\t<\/div>\n\n<div class=\"sow-carousel-container \">\n\t\t\t<div class=\"sow-carousel-navigation sow-carousel-navigation-prev \">\n\t\t\t\t\t\t<a href=\"#\" class=\"sow-carousel-previous\" title=\"Previous\" aria-label=\"Previous Posts\" role=\"button\"><\/a>\n\t\t\t\t\t<\/div>\n\t\t<div class=\"sow-carousel-wrapper\"\n\t\tdata-dir=\"ltr\"\n\t\tstyle=\"opacity: 0;\"\n\t\tdata-widget=\"anything\" data-item_count=\"15\" data-loop=\"\" data-carousel_settings=\"{&quot;loop&quot;:true,&quot;dots&quot;:true,&quot;animation&quot;:&quot;ease&quot;,&quot;animation_speed&quot;:500,&quot;autoplay&quot;:true,&quot;pauseOnHover&quot;:&quot;&quot;,&quot;autoplaySpeed&quot;:3000,&quot;item_overflow&quot;:false,&quot;adaptive_height&quot;:&quot;&quot;,&quot;appendDots&quot;:false}\" data-responsive=\"{&quot;desktop_slides_to_scroll&quot;:1,&quot;tablet_landscape_breakpoint&quot;:1366,&quot;tablet_landscape_slides_to_scroll&quot;:1,&quot;tablet_portrait_breakpoint&quot;:1025,&quot;tablet_portrait_slides_to_scroll&quot;:1,&quot;mobile_breakpoint&quot;:480,&quot;mobile_slides_to_scroll&quot;:1,&quot;desktop_slides_to_show&quot;:6,&quot;tablet_landscape_slides_to_show&quot;:5,&quot;tablet_portrait_slides_to_show&quot;:4,&quot;mobile_slides_to_show&quot;:2}\" \t>\n\t\t<div\n\t\t\tclass=\"sow-carousel-items\"\n\t\t\t\t\t>\n\t\t\t\t<div class=\"sow-carousel-item\" tabindex=\"-1\">\n\t\t\t\t\t<p class=\"sow-carousel-item-title\">\n\t\t\t\tWAP\t\t\t<\/p>\n\t\t\n\t\t<div class=\"sow-carousel-content\">\n\t\t\t<p><img loading=\"lazy\" decoding=\"async\" class=\"alignnone size-medium wp-image-7002\" src=\"https:\/\/www.cp-immo.at\/home\/wp-content\/uploads\/2024\/08\/WAP-300x300-1-200x300.jpg\" alt=\"\" width=\"200\" height=\"300\" srcset=\"https:\/\/www.cp-immo.at\/home\/wp-content\/uploads\/2024\/08\/WAP-300x300-1-200x300.jpg 200w, https:\/\/www.cp-immo.at\/home\/wp-content\/uploads\/2024\/08\/WAP-300x300-1-683x1024.jpg 683w, https:\/\/www.cp-immo.at\/home\/wp-content\/uploads\/2024\/08\/WAP-300x300-1-768x1152.jpg 768w, https:\/\/www.cp-immo.at\/home\/wp-content\/uploads\/2024\/08\/WAP-300x300-1.jpg 1024w\" sizes=\"auto, (max-width: 200px) 100vw, 200px\" \/><\/p>\n\t\t<\/div>\n\t<\/div>\n\t\t<div class=\"sow-carousel-item\" tabindex=\"-1\">\n\t\t\t\t\t<p class=\"sow-carousel-item-title\">\n\t\t\t\tMEC\t\t\t<\/p>\n\t\t\n\t\t<div class=\"sow-carousel-content\">\n\t\t\t<p><img loading=\"lazy\" decoding=\"async\" class=\"alignnone size-medium wp-image-6992\" src=\"https:\/\/www.cp-immo.at\/home\/wp-content\/uploads\/2024\/08\/MEC-300x300-1-200x300.jpg\" alt=\"\" width=\"200\" height=\"300\" srcset=\"https:\/\/www.cp-immo.at\/home\/wp-content\/uploads\/2024\/08\/MEC-300x300-1-200x300.jpg 200w, https:\/\/www.cp-immo.at\/home\/wp-content\/uploads\/2024\/08\/MEC-300x300-1-683x1024.jpg 683w, https:\/\/www.cp-immo.at\/home\/wp-content\/uploads\/2024\/08\/MEC-300x300-1-768x1152.jpg 768w, https:\/\/www.cp-immo.at\/home\/wp-content\/uploads\/2024\/08\/MEC-300x300-1.jpg 1024w\" sizes=\"auto, (max-width: 200px) 100vw, 200px\" \/><\/p>\n\t\t<\/div>\n\t<\/div>\n\t\t<div class=\"sow-carousel-item\" tabindex=\"-1\">\n\t\t\t\t\t<p class=\"sow-carousel-item-title\">\n\t\t\t\tZEJ\t\t\t<\/p>\n\t\t\n\t\t<div class=\"sow-carousel-content\">\n\t\t\t<p><img loading=\"lazy\" decoding=\"async\" class=\"alignnone size-medium wp-image-7003\" src=\"https:\/\/www.cp-immo.at\/home\/wp-content\/uploads\/2024\/08\/ZEJ-300x300-1-200x300.jpg\" alt=\"\" width=\"200\" height=\"300\" srcset=\"https:\/\/www.cp-immo.at\/home\/wp-content\/uploads\/2024\/08\/ZEJ-300x300-1-200x300.jpg 200w, https:\/\/www.cp-immo.at\/home\/wp-content\/uploads\/2024\/08\/ZEJ-300x300-1-683x1024.jpg 683w, https:\/\/www.cp-immo.at\/home\/wp-content\/uploads\/2024\/08\/ZEJ-300x300-1-768x1152.jpg 768w, https:\/\/www.cp-immo.at\/home\/wp-content\/uploads\/2024\/08\/ZEJ-300x300-1.jpg 1024w\" sizes=\"auto, (max-width: 200px) 100vw, 200px\" \/><\/p>\n\t\t<\/div>\n\t<\/div>\n\t\t<div class=\"sow-carousel-item\" tabindex=\"-1\">\n\t\t\t\t\t<p class=\"sow-carousel-item-title\">\n\t\t\t\tBAE\t\t\t<\/p>\n\t\t\n\t\t<div class=\"sow-carousel-content\">\n\t\t\t<p><img loading=\"lazy\" decoding=\"async\" class=\"alignnone size-medium wp-image-6983\" src=\"https:\/\/www.cp-immo.at\/home\/wp-content\/uploads\/2024\/08\/BAE-300x300-1-200x300.jpg\" alt=\"\" width=\"200\" height=\"300\" srcset=\"https:\/\/www.cp-immo.at\/home\/wp-content\/uploads\/2024\/08\/BAE-300x300-1-200x300.jpg 200w, https:\/\/www.cp-immo.at\/home\/wp-content\/uploads\/2024\/08\/BAE-300x300-1-683x1024.jpg 683w, https:\/\/www.cp-immo.at\/home\/wp-content\/uploads\/2024\/08\/BAE-300x300-1-768x1152.jpg 768w, https:\/\/www.cp-immo.at\/home\/wp-content\/uploads\/2024\/08\/BAE-300x300-1.jpg 1024w\" sizes=\"auto, (max-width: 200px) 100vw, 200px\" \/><\/p>\n\t\t<\/div>\n\t<\/div>\n\t\t<div class=\"sow-carousel-item\" tabindex=\"-1\">\n\t\t\t\t\t<p class=\"sow-carousel-item-title\">\n\t\t\t\tROE\t\t\t<\/p>\n\t\t\n\t\t<div class=\"sow-carousel-content\">\n\t\t\t<p><img loading=\"lazy\" decoding=\"async\" class=\"alignnone size-medium wp-image-6995\" src=\"https:\/\/www.cp-immo.at\/home\/wp-content\/uploads\/2024\/08\/ROE-300x300-1-200x300.jpg\" alt=\"\" width=\"200\" height=\"300\" srcset=\"https:\/\/www.cp-immo.at\/home\/wp-content\/uploads\/2024\/08\/ROE-300x300-1-200x300.jpg 200w, https:\/\/www.cp-immo.at\/home\/wp-content\/uploads\/2024\/08\/ROE-300x300-1-683x1024.jpg 683w, https:\/\/www.cp-immo.at\/home\/wp-content\/uploads\/2024\/08\/ROE-300x300-1-768x1152.jpg 768w, https:\/\/www.cp-immo.at\/home\/wp-content\/uploads\/2024\/08\/ROE-300x300-1.jpg 1024w\" sizes=\"auto, (max-width: 200px) 100vw, 200px\" \/><\/p>\n\t\t<\/div>\n\t<\/div>\n\t\t<div class=\"sow-carousel-item\" tabindex=\"-1\">\n\t\t\t\t\t<p class=\"sow-carousel-item-title\">\n\t\t\t\tNIM\t\t\t<\/p>\n\t\t\n\t\t<div class=\"sow-carousel-content\">\n\t\t\t<p><img loading=\"lazy\" decoding=\"async\" class=\"alignnone size-medium wp-image-6994\" src=\"https:\/\/www.cp-immo.at\/home\/wp-content\/uploads\/2024\/08\/NIM-300x300-1-200x300.jpg\" alt=\"\" width=\"200\" height=\"300\" srcset=\"https:\/\/www.cp-immo.at\/home\/wp-content\/uploads\/2024\/08\/NIM-300x300-1-200x300.jpg 200w, https:\/\/www.cp-immo.at\/home\/wp-content\/uploads\/2024\/08\/NIM-300x300-1-683x1024.jpg 683w, https:\/\/www.cp-immo.at\/home\/wp-content\/uploads\/2024\/08\/NIM-300x300-1-768x1152.jpg 768w, https:\/\/www.cp-immo.at\/home\/wp-content\/uploads\/2024\/08\/NIM-300x300-1.jpg 1024w\" sizes=\"auto, (max-width: 200px) 100vw, 200px\" \/><\/p>\n\t\t<\/div>\n\t<\/div>\n\t\t<div class=\"sow-carousel-item\" tabindex=\"-1\">\n\t\t\t\t\t<p class=\"sow-carousel-item-title\">\n\t\t\t\tROL\t\t\t<\/p>\n\t\t\n\t\t<div class=\"sow-carousel-content\">\n\t\t\t<p><img loading=\"lazy\" decoding=\"async\" class=\"alignnone size-medium wp-image-6996\" src=\"https:\/\/www.cp-immo.at\/home\/wp-content\/uploads\/2024\/08\/ROL-300x300-1-200x300.jpg\" alt=\"\" width=\"200\" height=\"300\" srcset=\"https:\/\/www.cp-immo.at\/home\/wp-content\/uploads\/2024\/08\/ROL-300x300-1-200x300.jpg 200w, https:\/\/www.cp-immo.at\/home\/wp-content\/uploads\/2024\/08\/ROL-300x300-1-683x1024.jpg 683w, https:\/\/www.cp-immo.at\/home\/wp-content\/uploads\/2024\/08\/ROL-300x300-1-768x1152.jpg 768w, https:\/\/www.cp-immo.at\/home\/wp-content\/uploads\/2024\/08\/ROL-300x300-1.jpg 1024w\" sizes=\"auto, (max-width: 200px) 100vw, 200px\" \/><\/p>\n\t\t<\/div>\n\t<\/div>\n\t\t<div class=\"sow-carousel-item\" tabindex=\"-1\">\n\t\t\t\t\t<p class=\"sow-carousel-item-title\">\n\t\t\t\tCSG\t\t\t<\/p>\n\t\t\n\t\t<div class=\"sow-carousel-content\">\n\t\t\t<p><img loading=\"lazy\" decoding=\"async\" class=\"alignnone size-medium wp-image-6985\" src=\"https:\/\/www.cp-immo.at\/home\/wp-content\/uploads\/2024\/08\/CSG-300x300-1-200x300.jpg\" alt=\"\" width=\"200\" height=\"300\" srcset=\"https:\/\/www.cp-immo.at\/home\/wp-content\/uploads\/2024\/08\/CSG-300x300-1-200x300.jpg 200w, https:\/\/www.cp-immo.at\/home\/wp-content\/uploads\/2024\/08\/CSG-300x300-1-683x1024.jpg 683w, https:\/\/www.cp-immo.at\/home\/wp-content\/uploads\/2024\/08\/CSG-300x300-1-768x1152.jpg 768w, https:\/\/www.cp-immo.at\/home\/wp-content\/uploads\/2024\/08\/CSG-300x300-1.jpg 1024w\" sizes=\"auto, (max-width: 200px) 100vw, 200px\" \/><\/p>\n\t\t<\/div>\n\t<\/div>\n\t\t<div class=\"sow-carousel-item\" tabindex=\"-1\">\n\t\t\t\t\t<p class=\"sow-carousel-item-title\">\n\t\t\t\tSEI\t\t\t<\/p>\n\t\t\n\t\t<div class=\"sow-carousel-content\">\n\t\t\t<p><img loading=\"lazy\" decoding=\"async\" class=\"alignnone size-medium wp-image-6999\" src=\"https:\/\/www.cp-immo.at\/home\/wp-content\/uploads\/2024\/08\/SEI-300x300-1-200x300.jpg\" alt=\"\" width=\"200\" height=\"300\" srcset=\"https:\/\/www.cp-immo.at\/home\/wp-content\/uploads\/2024\/08\/SEI-300x300-1-200x300.jpg 200w, https:\/\/www.cp-immo.at\/home\/wp-content\/uploads\/2024\/08\/SEI-300x300-1-683x1024.jpg 683w, https:\/\/www.cp-immo.at\/home\/wp-content\/uploads\/2024\/08\/SEI-300x300-1-768x1152.jpg 768w, https:\/\/www.cp-immo.at\/home\/wp-content\/uploads\/2024\/08\/SEI-300x300-1.jpg 1024w\" sizes=\"auto, (max-width: 200px) 100vw, 200px\" \/><\/p>\n\t\t<\/div>\n\t<\/div>\n\t\t<div class=\"sow-carousel-item\" tabindex=\"-1\">\n\t\t\t\t\t<p class=\"sow-carousel-item-title\">\n\t\t\t\tGAW\t\t\t<\/p>\n\t\t\n\t\t<div class=\"sow-carousel-content\">\n\t\t\t<p><img loading=\"lazy\" decoding=\"async\" class=\"alignnone size-medium wp-image-6987\" src=\"https:\/\/www.cp-immo.at\/home\/wp-content\/uploads\/2024\/08\/GAW-300x300-1-200x300.jpg\" alt=\"\" width=\"200\" height=\"300\" srcset=\"https:\/\/www.cp-immo.at\/home\/wp-content\/uploads\/2024\/08\/GAW-300x300-1-200x300.jpg 200w, https:\/\/www.cp-immo.at\/home\/wp-content\/uploads\/2024\/08\/GAW-300x300-1-683x1024.jpg 683w, https:\/\/www.cp-immo.at\/home\/wp-content\/uploads\/2024\/08\/GAW-300x300-1-768x1152.jpg 768w, https:\/\/www.cp-immo.at\/home\/wp-content\/uploads\/2024\/08\/GAW-300x300-1.jpg 1024w\" sizes=\"auto, (max-width: 200px) 100vw, 200px\" \/><\/p>\n\t\t<\/div>\n\t<\/div>\n\t\t<div class=\"sow-carousel-item\" tabindex=\"-1\">\n\t\t\t\t\t<p class=\"sow-carousel-item-title\">\n\t\t\t\tSCK\t\t\t<\/p>\n\t\t\n\t\t<div class=\"sow-carousel-content\">\n\t\t\t<p><img loading=\"lazy\" decoding=\"async\" class=\"alignnone size-medium wp-image-6998\" src=\"https:\/\/www.cp-immo.at\/home\/wp-content\/uploads\/2024\/08\/SCK-300x300-1-200x300.jpg\" alt=\"\" width=\"200\" height=\"300\" srcset=\"https:\/\/www.cp-immo.at\/home\/wp-content\/uploads\/2024\/08\/SCK-300x300-1-200x300.jpg 200w, https:\/\/www.cp-immo.at\/home\/wp-content\/uploads\/2024\/08\/SCK-300x300-1-683x1024.jpg 683w, https:\/\/www.cp-immo.at\/home\/wp-content\/uploads\/2024\/08\/SCK-300x300-1-768x1152.jpg 768w, https:\/\/www.cp-immo.at\/home\/wp-content\/uploads\/2024\/08\/SCK-300x300-1.jpg 1024w\" sizes=\"auto, (max-width: 200px) 100vw, 200px\" \/><\/p>\n\t\t<\/div>\n\t<\/div>\n\t\t<div class=\"sow-carousel-item\" tabindex=\"-1\">\n\t\t\t\t\t<p class=\"sow-carousel-item-title\">\n\t\t\t\tLAW\t\t\t<\/p>\n\t\t\n\t\t<div class=\"sow-carousel-content\">\n\t\t\t<p><img loading=\"lazy\" decoding=\"async\" class=\"alignnone size-medium wp-image-6991\" src=\"https:\/\/www.cp-immo.at\/home\/wp-content\/uploads\/2024\/08\/LAW-300x300-1-200x300.jpg\" alt=\"\" width=\"200\" height=\"300\" srcset=\"https:\/\/www.cp-immo.at\/home\/wp-content\/uploads\/2024\/08\/LAW-300x300-1-200x300.jpg 200w, https:\/\/www.cp-immo.at\/home\/wp-content\/uploads\/2024\/08\/LAW-300x300-1-683x1024.jpg 683w, https:\/\/www.cp-immo.at\/home\/wp-content\/uploads\/2024\/08\/LAW-300x300-1-768x1152.jpg 768w, https:\/\/www.cp-immo.at\/home\/wp-content\/uploads\/2024\/08\/LAW-300x300-1.jpg 1024w\" sizes=\"auto, (max-width: 200px) 100vw, 200px\" \/><\/p>\n\t\t<\/div>\n\t<\/div>\n\t\t<div class=\"sow-carousel-item\" tabindex=\"-1\">\n\t\t\t\t\t<p class=\"sow-carousel-item-title\">\n\t\t\t\tNEA\t\t\t<\/p>\n\t\t\n\t\t<div class=\"sow-carousel-content\">\n\t\t\t<p><img loading=\"lazy\" decoding=\"async\" class=\"alignnone size-medium wp-image-6993\" src=\"https:\/\/www.cp-immo.at\/home\/wp-content\/uploads\/2024\/08\/NEA-300x300-1-200x300.jpg\" alt=\"\" width=\"200\" height=\"300\" srcset=\"https:\/\/www.cp-immo.at\/home\/wp-content\/uploads\/2024\/08\/NEA-300x300-1-200x300.jpg 200w, https:\/\/www.cp-immo.at\/home\/wp-content\/uploads\/2024\/08\/NEA-300x300-1-683x1024.jpg 683w, https:\/\/www.cp-immo.at\/home\/wp-content\/uploads\/2024\/08\/NEA-300x300-1-768x1152.jpg 768w, https:\/\/www.cp-immo.at\/home\/wp-content\/uploads\/2024\/08\/NEA-300x300-1.jpg 1024w\" sizes=\"auto, (max-width: 200px) 100vw, 200px\" \/><\/p>\n\t\t<\/div>\n\t<\/div>\n\t\t<div class=\"sow-carousel-item\" tabindex=\"-1\">\n\t\t\t\t\t<p class=\"sow-carousel-item-title\">\n\t\t\t\tKOG\t\t\t<\/p>\n\t\t\n\t\t<div class=\"sow-carousel-content\">\n\t\t\t<p><img loading=\"lazy\" decoding=\"async\" class=\"alignnone size-medium wp-image-6989\" src=\"https:\/\/www.cp-immo.at\/home\/wp-content\/uploads\/2024\/08\/KOG-300x300-1-200x300.jpg\" alt=\"\" width=\"200\" height=\"300\" srcset=\"https:\/\/www.cp-immo.at\/home\/wp-content\/uploads\/2024\/08\/KOG-300x300-1-200x300.jpg 200w, https:\/\/www.cp-immo.at\/home\/wp-content\/uploads\/2024\/08\/KOG-300x300-1-683x1024.jpg 683w, https:\/\/www.cp-immo.at\/home\/wp-content\/uploads\/2024\/08\/KOG-300x300-1-768x1152.jpg 768w, https:\/\/www.cp-immo.at\/home\/wp-content\/uploads\/2024\/08\/KOG-300x300-1.jpg 1024w\" sizes=\"auto, (max-width: 200px) 100vw, 200px\" \/><\/p>\n\t\t<\/div>\n\t<\/div>\n\t\t<div class=\"sow-carousel-item\" tabindex=\"-1\">\n\t\t\t\t\t<p class=\"sow-carousel-item-title\">\n\t\t\t\tFRF\t\t\t<\/p>\n\t\t\n\t\t<div class=\"sow-carousel-content\">\n\t\t\t<p><img loading=\"lazy\" decoding=\"async\" class=\"alignnone size-medium wp-image-6986\" src=\"https:\/\/www.cp-immo.at\/home\/wp-content\/uploads\/2024\/08\/FRF-300x300-1-200x300.jpg\" alt=\"\" width=\"200\" height=\"300\" srcset=\"https:\/\/www.cp-immo.at\/home\/wp-content\/uploads\/2024\/08\/FRF-300x300-1-200x300.jpg 200w, https:\/\/www.cp-immo.at\/home\/wp-content\/uploads\/2024\/08\/FRF-300x300-1-683x1024.jpg 683w, https:\/\/www.cp-immo.at\/home\/wp-content\/uploads\/2024\/08\/FRF-300x300-1-768x1152.jpg 768w, https:\/\/www.cp-immo.at\/home\/wp-content\/uploads\/2024\/08\/FRF-300x300-1.jpg 1024w\" sizes=\"auto, (max-width: 200px) 100vw, 200px\" \/><\/p>\n\t\t<\/div>\n\t<\/div>\n\t\t\t<\/div>\n\t\t\t<\/div>\n\n\t\t\t<div class=\"sow-carousel-navigation sow-carousel-navigation-next \">\n\t\t\t\t\t\t<a href=\"#\" class=\"sow-carousel-next\" title=\"Next\" aria-label=\"Next Posts\" role=\"button\"><\/a>\n\t\t\t\t\t<\/div>\n\t<\/div>\n<\/div><\/div><\/div><\/div><\/div><div id=\"pg-6840-1\"  class=\"panel-grid panel-no-style\" ><div id=\"pgc-6840-1-0\"  class=\"panel-grid-cell\" ><div id=\"panel-6840-1-0-0\" class=\"so-panel widget widget_sow-editor panel-first-child panel-last-child\" data-index=\"2\" ><div class=\"panel-widget-style panel-widget-style-for-6840-1-0-0\" ><div\n\t\t\t\n\t\t\tclass=\"so-widget-sow-editor so-widget-sow-editor-base\"\n\t\t\t\n\t\t>\n<div class=\"siteorigin-widget-tinymce textwidget\">\n\t<p>Eine <a href=\"https:\/\/www.cp-immo.at\/home\/produkt\/\">starke L\u00f6sung<\/a>, die Stabilit\u00e4t, Kontinuit\u00e4t und Unterst\u00fctzung gew\u00e4hrleisten soll - daf\u00fcr steht die CP Immo Solutions mit ihrem Team an Software-Entwicklern und -Betreuern.<\/p>\n<\/div>\n<\/div><\/div><\/div><\/div><\/div><\/div>","protected":false},"excerpt":{"rendered":"<p>Das Team der CP Immo Solutions begr\u00fc\u00dft Sie herzlich! Vom Bodensee bis zum Neusiedlersee &#8211; der \u00fcberwiegende Teil der gemeinn\u00fctzigen &#8230; <a title=\"Team\" class=\"read-more\" href=\"https:\/\/www.cp-immo.at\/home\/team\/\" aria-label=\"Mehr Informationen \u00fcber Team\">Weiterlesen<\/a><\/p>\n","protected":false},"author":463,"featured_media":0,"parent":0,"menu_order":0,"comment_status":"closed","ping_status":"closed","template":"","meta":{"_bbp_topic_count":0,"_bbp_reply_count":0,"_bbp_total_topic_count":0,"_bbp_total_reply_count":0,"_bbp_voice_count":0,"_bbp_anonymous_reply_count":0,"_bbp_topic_count_hidden":0,"_bbp_reply_count_hidden":0,"_bbp_forum_subforum_count":0,"ngg_post_thumbnail":0,"footnotes":""},"class_list":["post-6840","page","type-page","status-publish"],"_links":{"self":[{"href":"https:\/\/www.cp-immo.at\/home\/wp-json\/wp\/v2\/pages\/6840","targetHints":{"allow":["GET"]}}],"collection":[{"href":"https:\/\/www.cp-immo.at\/home\/wp-json\/wp\/v2\/pages"}],"about":[{"href":"https:\/\/www.cp-immo.at\/home\/wp-json\/wp\/v2\/types\/page"}],"author":[{"embeddable":true,"href":"https:\/\/www.cp-immo.at\/home\/wp-json\/wp\/v2\/users\/463"}],"replies":[{"embeddable":true,"href":"https:\/\/www.cp-immo.at\/home\/wp-json\/wp\/v2\/comments?post=6840"}],"version-history":[{"count":11,"href":"https:\/\/www.cp-immo.at\/home\/wp-json\/wp\/v2\/pages\/6840\/revisions"}],"predecessor-version":[{"id":7803,"href":"https:\/\/www.cp-immo.at\/home\/wp-json\/wp\/v2\/pages\/6840\/revisions\/7803"}],"wp:attachment":[{"href":"https:\/\/www.cp-immo.at\/home\/wp-json\/wp\/v2\/media?parent=6840"}],"curies":[{"name":"wp","href":"https:\/\/api.w.org\/{rel}","templated":true}]}}