{"id":6565,"date":"2024-07-05T14:21:36","date_gmt":"2024-07-05T12:21:36","guid":{"rendered":"https:\/\/demo2.egm.at\/www.cp-immo.at\/?page_id=6565"},"modified":"2024-07-31T22:04:22","modified_gmt":"2024-07-31T20:04:22","slug":"sonstige-module","status":"publish","type":"page","link":"https:\/\/www.cp-immo.at\/home\/produkt\/sonstige-module\/","title":{"rendered":"Sonstige Module"},"content":{"rendered":"<div id=\"pl-6565\"  class=\"panel-layout\" ><div id=\"pg-6565-0\"  class=\"panel-grid panel-has-style\" ><div class=\"prodetails panel-row-style panel-row-style-for-6565-0\" ><div id=\"pgc-6565-0-0\"  class=\"panel-grid-cell\" ><div id=\"panel-6565-0-0-0\" class=\"so-panel widget widget_sow-features panel-first-child panel-last-child\" data-index=\"0\" ><div class=\"panel-widget-style panel-widget-style-for-6565-0-0-0\" ><div\n\t\t\t\n\t\t\tclass=\"so-widget-sow-features so-widget-sow-features-default-373872da7f77-6565\"\n\t\t\t\n\t\t><ul\n\tclass=\"sow-features-list\n\tsow-features-responsive\">\n\n\t\t\t<li\n\t\t\tclass=\"sow-features-feature sow-icon-container-position-left\"\n\t\t\tstyle=\"display: flex; flex-direction: row-reverse; width: calc(100% - 25px);\"\n\t\t>\n\t\t\t\n\t\t\t\t\t\t<div\t\t\t\tclass=\"sow-icon-container sow-container-rounded-square\"\n\t\t\t\tstyle=\"color: #006298; \"\n\t\t\t\ttitle=\"Sonstige Module\"\n\t\t\t\t\t\t\t>\n\t\t\t\t<span class=\"sow-icon-materialicons sowm-regular\" data-sow-icon=\"&#xe02f\"\n\t\tstyle=\"font-size: 130px; color: #ffffff\" \n\t\taria-hidden=\"true\"><\/span>\t\t\t<\/div>\n\n\t\t\t<div class=\"textwidget\">\n\t\t\t\t\n\t\t\t\t\t\t\t\t\t<h2 class=\"sow-features-feature-title\">\n\t\t\t\t\t\tSonstige Module\t\t\t\t\t<\/h2>\n\t\t\t\t\n\t\t\t\t\t\t\t\t\t<div class=\"sow-features-feature-text\">\n\t\t\t\t\t<h3>Buchungsmodul<\/h3>\nDas zentrale Buchungsmodul ist das t\u00e4gliche Werkzeug f\u00fcr den Buchhalter und dient zur Erfassung und Kontrolle der t\u00e4glich anfallenden Buchungsarbeit.\n<ul>\n \t<li>Komfortable Erfassung von Buchungen<\/li>\n \t<li>Schnelle Eingabe- und Verarbeitungsm\u00f6glichkeiten<\/li>\n \t<li>Unterst\u00fctzung beim Buchen durch intelligente Eingabem\u00f6glichkeiten<\/li>\n \t<li>Auch vollst\u00e4ndig per Tastatur bedienbar<\/li>\n \t<li>Querverweise zu allen buchungsrelevanten Daten (Konten, Symbole, Kostenarten, etc.)<\/li>\n \t<li>Umfangreiche Informationen zu jedem bebuchten Konto mit Konfigurationsm\u00f6glichkeit<\/li>\n \t<li>\u00dcbernahme Buchungen aus dem Objektmanagement (elektronische Rechnung, Auftragswesen)<\/li>\n \t<li>Buchungs-Importm\u00f6glichkeit aus Textdateien (Buchungsvorschl\u00e4ge)<\/li>\n \t<li>Logik- und Richtigkeitspr\u00fcfung auch f\u00fcr importierte Buchungen<\/li>\n \t<li>Automatische \u00dcberwachung des Buchungssaldos<\/li>\n<\/ul>\n\n<h3>Druckerstra\u00dfe<\/h3>\n\nMit der Druckerstra\u00dfe k\u00f6nnen elegant verschiedene Bestandnehmer-Schriftst\u00fccke zu einem Gesamt-Dokument je Bestandnehmer erstellt werden.\n<ul>\n \t<li>M\u00f6glichkeit zum Hinzumischen von allgemeinen, Objekt- und Bestandnehmerdokumenten<\/li>\n \t<li>M\u00f6glichkeit zum Hinzumischen von typus- und sachbearbeiterbezogenen Dokumenten<\/li>\n \t<li>M\u00f6glichkeit zur Ausgabe von Briefen nach Person sortiert (eine Person erh\u00e4lt nur ein Schreiben f\u00fcr alle seine Bestandseinheiten)<\/li>\n<\/ul>\t\t\t\t\t<\/div>\n\t\t\t\t\t\t\t\t<\/div>\n\t\t\t\t\t\t\t\t<\/li>\n\n\t<\/ul>\n<\/div><\/div><\/div><\/div><div id=\"pgc-6565-0-1\"  class=\"panel-grid-cell\" ><div id=\"panel-6565-0-1-0\" class=\"so-panel widget widget_nav_menu panel-first-child\" data-index=\"1\" ><div class=\"menu-produktfeatures-container\"><ul id=\"menu-produktfeatures\" class=\"menu\"><li id=\"menu-item-6928\" class=\"menu-item menu-item-type-post_type menu-item-object-page menu-item-has-children menu-item-6928\"><a href=\"https:\/\/www.cp-immo.at\/home\/produkt\/\">Produktinfo<\/a>\n<ul class=\"sub-menu\">\n\t<li id=\"menu-item-6937\" class=\"menu-item menu-item-type-post_type menu-item-object-page menu-item-6937\"><a href=\"https:\/\/www.cp-immo.at\/home\/produkt\/finanzbuchhaltung-objektbuchhaltung\/\">Finanzbuchhaltung + Objektbuchhaltung<\/a><\/li>\n\t<li id=\"menu-item-6936\" class=\"menu-item menu-item-type-post_type menu-item-object-page menu-item-6936\"><a href=\"https:\/\/www.cp-immo.at\/home\/produkt\/bestandnehmerbuchhaltung\/\">Bestandnehmerbuchhaltung<\/a><\/li>\n\t<li id=\"menu-item-6935\" class=\"menu-item menu-item-type-post_type menu-item-object-page menu-item-6935\"><a href=\"https:\/\/www.cp-immo.at\/home\/produkt\/jahresabrechnung\/\">Jahresabrechnung<\/a><\/li>\n\t<li id=\"menu-item-6934\" class=\"menu-item menu-item-type-post_type menu-item-object-page menu-item-6934\"><a href=\"https:\/\/www.cp-immo.at\/home\/produkt\/kreditorenbuchhaltung\/\">Kreditorenbuchhaltung<\/a><\/li>\n\t<li id=\"menu-item-6933\" class=\"menu-item menu-item-type-post_type menu-item-object-page menu-item-6933\"><a href=\"https:\/\/www.cp-immo.at\/home\/produkt\/baubuchhaltung\/\">Baubuchhaltung<\/a><\/li>\n\t<li id=\"menu-item-6932\" class=\"menu-item menu-item-type-post_type menu-item-object-page menu-item-6932\"><a href=\"https:\/\/www.cp-immo.at\/home\/produkt\/darlehensbuchhaltung\/\">Darlehensbuchhaltung<\/a><\/li>\n\t<li id=\"menu-item-6931\" class=\"menu-item menu-item-type-post_type menu-item-object-page menu-item-6931\"><a href=\"https:\/\/www.cp-immo.at\/home\/produkt\/kaufanwaerterbuchhaltung\/\">Kaufanw\u00e4rterbuchhaltung<\/a><\/li>\n\t<li id=\"menu-item-6930\" class=\"menu-item menu-item-type-post_type menu-item-object-page menu-item-6930\"><a href=\"https:\/\/www.cp-immo.at\/home\/produkt\/mitgliederbuchhaltung\/\">Mitgliederbuchhaltung<\/a><\/li>\n\t<li id=\"menu-item-6929\" class=\"menu-item menu-item-type-post_type menu-item-object-page menu-item-6929\"><a href=\"https:\/\/www.cp-immo.at\/home\/produkt\/sonstige-module\/\">Sonstige Module<\/a><\/li>\n<\/ul>\n<\/li>\n<\/ul><\/div><\/div><div id=\"panel-6565-0-1-1\" class=\"so-panel widget widget_sow-image panel-last-child\" data-index=\"2\" ><div\n\t\t\t\n\t\t\tclass=\"so-widget-sow-image so-widget-sow-image-default-4e6925654b7a-6565\"\n\t\t\t\n\t\t>\n<div class=\"sow-image-container\">\n\t\t\t<a href=\"https:\/\/www.domizilplus.at\/de\/rechnungswesen\"\n\t\t\ttarget=\"_blank\" rel=\"noopener noreferrer\" \t\t>\n\t\t\t<img \n\tsrc=\"https:\/\/www.cp-immo.at\/home\/wp-content\/uploads\/2019\/04\/cropped-dpluslogo-150x150.png\" width=\"150\" height=\"150\" srcset=\"https:\/\/www.cp-immo.at\/home\/wp-content\/uploads\/2019\/04\/cropped-dpluslogo-150x150.png 150w, https:\/\/www.cp-immo.at\/home\/wp-content\/uploads\/2019\/04\/cropped-dpluslogo-300x300.png 300w, https:\/\/www.cp-immo.at\/home\/wp-content\/uploads\/2019\/04\/cropped-dpluslogo-360x360.png 360w, https:\/\/www.cp-immo.at\/home\/wp-content\/uploads\/2019\/04\/cropped-dpluslogo.png 628w\" sizes=\"(max-width: 150px) 100vw, 150px\" title=\"DomizilPlus Logo\" alt=\"DomizilPlus Logo\" \t\tclass=\"so-widget-image\"\/>\n\t\t\t<\/a><\/div>\n\n<\/div><\/div><\/div><\/div><\/div><div id=\"pg-6565-1\"  class=\"panel-grid panel-has-style\" ><div class=\"cta-startseite siteorigin-panels-stretch panel-row-style panel-row-style-for-6565-1\" data-stretch-type=\"full\" ><div id=\"pgc-6565-1-0\"  class=\"panel-grid-cell\" ><div id=\"panel-6565-1-0-0\" class=\"so-panel widget widget_sow-cta panel-first-child panel-last-child\" data-index=\"3\" ><div class=\"so-rounded panel-widget-style panel-widget-style-for-6565-1-0-0\" ><div\n\t\t\t\n\t\t\tclass=\"so-widget-sow-cta so-widget-sow-cta-default-ef72ff6b001e-6565\"\n\t\t\t\n\t\t><div\n\tclass=\"sow-cta-base\"\n\t>\n\t\n\t<div class=\"sow-cta-wrapper\">\n\n\t\t<div class=\"sow-cta-text\">\n\t\t\t\t\t\t\t<h2 class=\"sow-cta-title\">\n\t\t\t\t\tInteressiert?\t\t\t\t<\/h2>\n\t\t\t\n\t\t\t\t\t\t\t<h2 class=\"sow-cta-subtitle\">\n\t\t\t\t\tWir zeigen Ihnen gerne, wie Sie mit domizil<sup>+<\/sup> Rechnungswesen effizienter und einfacher arbeiten k\u00f6nnen als bisher.\t\t\t\t<\/h2>\n\t\t\t\t\t<\/div>\n\n\t\t<div\n\t\t\t\n\t\t\tclass=\"so-widget-sow-button so-widget-sow-button-flat-5abe44b2da9d\"\n\t\t\t\n\t\t><div class=\"ow-button-base ow-button-align-center\"\n>\n\t\t\t<a\n\t\t\t\t\thref=\"https:\/\/www.cp-immo.at\/home\/kontakt\/\"\n\t\t\t\t\tclass=\"sowb-button ow-icon-placement-left ow-button-hover\" \t>\n\t\t<span>\n\t\t\t\n\t\t\tJetzt R\u00fcckruf anfordern\t\t<\/span>\n\t\t\t<\/a>\n\t<\/div>\n<\/div>\n\t<\/div>\n\n\t<\/div>\n<\/div><\/div><\/div><\/div><\/div><\/div><\/div>","protected":false},"excerpt":{"rendered":"<p>Sonstige Module Buchungsmodul Das zentrale Buchungsmodul ist das t\u00e4gliche Werkzeug f\u00fcr den Buchhalter und dient zur Erfassung und Kontrolle der &#8230; <a title=\"Sonstige Module\" class=\"read-more\" href=\"https:\/\/www.cp-immo.at\/home\/produkt\/sonstige-module\/\" aria-label=\"Mehr Informationen \u00fcber Sonstige Module\">Weiterlesen<\/a><\/p>\n","protected":false},"author":463,"featured_media":0,"parent":6666,"menu_order":90,"comment_status":"closed","ping_status":"closed","template":"","meta":{"_bbp_topic_count":0,"_bbp_reply_count":0,"_bbp_total_topic_count":0,"_bbp_total_reply_count":0,"_bbp_voice_count":0,"_bbp_anonymous_reply_count":0,"_bbp_topic_count_hidden":0,"_bbp_reply_count_hidden":0,"_bbp_forum_subforum_count":0,"ngg_post_thumbnail":0,"footnotes":""},"class_list":["post-6565","page","type-page","status-publish"],"_links":{"self":[{"href":"https:\/\/www.cp-immo.at\/home\/wp-json\/wp\/v2\/pages\/6565","targetHints":{"allow":["GET"]}}],"collection":[{"href":"https:\/\/www.cp-immo.at\/home\/wp-json\/wp\/v2\/pages"}],"about":[{"href":"https:\/\/www.cp-immo.at\/home\/wp-json\/wp\/v2\/types\/page"}],"author":[{"embeddable":true,"href":"https:\/\/www.cp-immo.at\/home\/wp-json\/wp\/v2\/users\/463"}],"replies":[{"embeddable":true,"href":"https:\/\/www.cp-immo.at\/home\/wp-json\/wp\/v2\/comments?post=6565"}],"version-history":[{"count":4,"href":"https:\/\/www.cp-immo.at\/home\/wp-json\/wp\/v2\/pages\/6565\/revisions"}],"predecessor-version":[{"id":6965,"href":"https:\/\/www.cp-immo.at\/home\/wp-json\/wp\/v2\/pages\/6565\/revisions\/6965"}],"up":[{"embeddable":true,"href":"https:\/\/www.cp-immo.at\/home\/wp-json\/wp\/v2\/pages\/6666"}],"wp:attachment":[{"href":"https:\/\/www.cp-immo.at\/home\/wp-json\/wp\/v2\/media?parent=6565"}],"curies":[{"name":"wp","href":"https:\/\/api.w.org\/{rel}","templated":true}]}}