{"id":6561,"date":"2024-07-05T14:19:26","date_gmt":"2024-07-05T12:19:26","guid":{"rendered":"https:\/\/demo2.egm.at\/www.cp-immo.at\/?page_id=6561"},"modified":"2024-07-31T22:04:01","modified_gmt":"2024-07-31T20:04:01","slug":"kaufanwaerterbuchhaltung","status":"publish","type":"page","link":"https:\/\/www.cp-immo.at\/home\/produkt\/kaufanwaerterbuchhaltung\/","title":{"rendered":"Kaufanw\u00e4rterbuchhaltung"},"content":{"rendered":"<div id=\"pl-6561\"  class=\"panel-layout\" ><div id=\"pg-6561-0\"  class=\"panel-grid panel-has-style\" ><div class=\"prodetails panel-row-style panel-row-style-for-6561-0\" ><div id=\"pgc-6561-0-0\"  class=\"panel-grid-cell\" ><div id=\"panel-6561-0-0-0\" class=\"so-panel widget widget_sow-features panel-first-child panel-last-child\" data-index=\"0\" ><div class=\"panel-widget-style panel-widget-style-for-6561-0-0-0\" ><div\n\t\t\t\n\t\t\tclass=\"so-widget-sow-features so-widget-sow-features-default-373872da7f77-6561\"\n\t\t\t\n\t\t><ul\n\tclass=\"sow-features-list\n\tsow-features-responsive\">\n\n\t\t\t<li\n\t\t\tclass=\"sow-features-feature sow-icon-container-position-left\"\n\t\t\tstyle=\"display: flex; flex-direction: row-reverse; width: calc(100% - 25px);\"\n\t\t>\n\t\t\t\n\t\t\t\t\t\t<div\t\t\t\tclass=\"sow-icon-container sow-container-rounded-square\"\n\t\t\t\tstyle=\"color: #006298; \"\n\t\t\t\ttitle=\"Kaufanw\u00e4rterbuchhaltung\"\n\t\t\t\t\t\t\t>\n\t\t\t\t<span class=\"sow-icon-materialicons sowm-regular\" data-sow-icon=\"&#xf02e\"\n\t\tstyle=\"font-size: 130px; color: #ffffff\" \n\t\taria-hidden=\"true\"><\/span>\t\t\t<\/div>\n\n\t\t\t<div class=\"textwidget\">\n\t\t\t\t\n\t\t\t\t\t\t\t\t\t<h2 class=\"sow-features-feature-title\">\n\t\t\t\t\t\tKaufanw\u00e4rterbuchhaltung\t\t\t\t\t<\/h2>\n\t\t\t\t\n\t\t\t\t\t\t\t\t\t<div class=\"sow-features-feature-text\">\n\t\t\t\t\t<p>Die Kaufanw\u00e4rterbuchhaltung\/Eigenmittelbuchhaltung ist eines der Programmodule von&nbsp;<strong>domizil<sup>+<\/sup><\/strong>&nbsp;und umfasst die Verwal\u00adtung, Buchung und Abrechnung von Finanzierungsbeitr\u00e4gen (Grund- und Baukostenbeitr\u00e4ge) sowie von Kautionen und sonstigen Belastungen von Mietern oder Kaufanw\u00e4rtern. Folgende Features stehen in der Kaufanw\u00e4rterbuchhaltung zur Verf\u00fcgung:<\/p>\n<ul>\n<li>Mehrere Jahre gleichzeitig im Zugriff<\/li>\n<li>Anlage und Wartung von Objekt- und Bestandnehmerkonten in der Eigenmittelbuchhaltung mit automatischer \u00dcbernahme in die Bestandnehmerbuchhaltung<\/li>\n<li>\u00dcbersichtliches Bestandnehmer-\/Kaufanw\u00e4rterkonto im Dialog bzw. Druckausgabe<\/li>\n<li>Automatische oder manuelle Erstellung von offenen Posten und Vorschreibungsbuchungen mit F\u00e4lligkeits- und Stundungsdatum<\/li>\n<li>Freie Gestaltung und Einteilung der Buchungssymbole (Vorschreibungsbuchungen, Zahlungen)<\/li>\n<li>Automatische Zuordnung bzw. Aufteilung der Eigenmittelzahlungen auf einzelne Kostenarten (Grundkosten, Baukosten, etc.) bzw. offene Posten ohne Vorkontierung der Kostenart<\/li>\n<li>F\u00fchrung der Basisbetr\u00e4ge f\u00fcr die Verwohnung auf Bestandnehmer-Ebene<\/li>\n<li>Berechnung des Eigenmitteleinsatzes bzw. des r\u00fcckzahlbaren Betrages bei Wohnungswechsel nach \u00a717 WGG<\/li>\n<li>J\u00e4hrliche Verwohnung mit der M\u00f6glichkeit der unterj\u00e4hrigen Umfinanzierung<\/li>\n<li>Berechnung und Verbuchung der Verwohnung von Grund- und\/oder Baukostenbeitr\u00e4gen in der Eigenmittel- und Objekt-\/Finanzbuchhaltung<\/li>\n<li>Mahnwesen mit individueller Brieftextgestaltung<\/li>\n<li>Offene-Posten-Liste, Kontoausz\u00fcge<\/li>\n<li>Berechnungsm\u00f6glichkeit f\u00fcr Verzugs- und Stundungszinsen<\/li>\n<li>Druckm\u00f6glichkeit f\u00fcr Zahlscheine und Finanzamtsbest\u00e4tigungen<\/li>\n<\/ul>\n\t\t\t\t\t<\/div>\n\t\t\t\t\t\t\t\t<\/div>\n\t\t\t\t\t\t\t\t<\/li>\n\n\t<\/ul>\n<\/div><\/div><\/div><\/div><div id=\"pgc-6561-0-1\"  class=\"panel-grid-cell\" ><div id=\"panel-6561-0-1-0\" class=\"so-panel widget widget_nav_menu panel-first-child\" data-index=\"1\" ><div class=\"menu-produktfeatures-container\"><ul id=\"menu-produktfeatures\" class=\"menu\"><li id=\"menu-item-6928\" class=\"menu-item menu-item-type-post_type menu-item-object-page menu-item-has-children menu-item-6928\"><a href=\"https:\/\/www.cp-immo.at\/home\/produkt\/\">Produktinfo<\/a>\n<ul class=\"sub-menu\">\n\t<li id=\"menu-item-6937\" class=\"menu-item menu-item-type-post_type menu-item-object-page menu-item-6937\"><a href=\"https:\/\/www.cp-immo.at\/home\/produkt\/finanzbuchhaltung-objektbuchhaltung\/\">Finanzbuchhaltung + Objektbuchhaltung<\/a><\/li>\n\t<li id=\"menu-item-6936\" class=\"menu-item menu-item-type-post_type menu-item-object-page menu-item-6936\"><a href=\"https:\/\/www.cp-immo.at\/home\/produkt\/bestandnehmerbuchhaltung\/\">Bestandnehmerbuchhaltung<\/a><\/li>\n\t<li id=\"menu-item-6935\" class=\"menu-item menu-item-type-post_type menu-item-object-page menu-item-6935\"><a href=\"https:\/\/www.cp-immo.at\/home\/produkt\/jahresabrechnung\/\">Jahresabrechnung<\/a><\/li>\n\t<li id=\"menu-item-6934\" class=\"menu-item menu-item-type-post_type menu-item-object-page menu-item-6934\"><a href=\"https:\/\/www.cp-immo.at\/home\/produkt\/kreditorenbuchhaltung\/\">Kreditorenbuchhaltung<\/a><\/li>\n\t<li id=\"menu-item-6933\" class=\"menu-item menu-item-type-post_type menu-item-object-page menu-item-6933\"><a href=\"https:\/\/www.cp-immo.at\/home\/produkt\/baubuchhaltung\/\">Baubuchhaltung<\/a><\/li>\n\t<li id=\"menu-item-6932\" class=\"menu-item menu-item-type-post_type menu-item-object-page menu-item-6932\"><a href=\"https:\/\/www.cp-immo.at\/home\/produkt\/darlehensbuchhaltung\/\">Darlehensbuchhaltung<\/a><\/li>\n\t<li id=\"menu-item-6931\" class=\"menu-item menu-item-type-post_type menu-item-object-page menu-item-6931\"><a href=\"https:\/\/www.cp-immo.at\/home\/produkt\/kaufanwaerterbuchhaltung\/\">Kaufanw\u00e4rterbuchhaltung<\/a><\/li>\n\t<li id=\"menu-item-6930\" class=\"menu-item menu-item-type-post_type menu-item-object-page menu-item-6930\"><a href=\"https:\/\/www.cp-immo.at\/home\/produkt\/mitgliederbuchhaltung\/\">Mitgliederbuchhaltung<\/a><\/li>\n\t<li id=\"menu-item-6929\" class=\"menu-item menu-item-type-post_type menu-item-object-page menu-item-6929\"><a href=\"https:\/\/www.cp-immo.at\/home\/produkt\/sonstige-module\/\">Sonstige Module<\/a><\/li>\n<\/ul>\n<\/li>\n<\/ul><\/div><\/div><div id=\"panel-6561-0-1-1\" class=\"so-panel widget widget_sow-image panel-last-child\" data-index=\"2\" ><div\n\t\t\t\n\t\t\tclass=\"so-widget-sow-image so-widget-sow-image-default-4e6925654b7a-6561\"\n\t\t\t\n\t\t>\n<div class=\"sow-image-container\">\n\t\t\t<a href=\"https:\/\/www.domizilplus.at\/de\/rechnungswesen\"\n\t\t\ttarget=\"_blank\" rel=\"noopener noreferrer\" \t\t>\n\t\t\t<img \n\tsrc=\"https:\/\/www.cp-immo.at\/home\/wp-content\/uploads\/2019\/04\/cropped-dpluslogo-150x150.png\" width=\"150\" height=\"150\" srcset=\"https:\/\/www.cp-immo.at\/home\/wp-content\/uploads\/2019\/04\/cropped-dpluslogo-150x150.png 150w, https:\/\/www.cp-immo.at\/home\/wp-content\/uploads\/2019\/04\/cropped-dpluslogo-300x300.png 300w, https:\/\/www.cp-immo.at\/home\/wp-content\/uploads\/2019\/04\/cropped-dpluslogo-360x360.png 360w, https:\/\/www.cp-immo.at\/home\/wp-content\/uploads\/2019\/04\/cropped-dpluslogo.png 628w\" sizes=\"(max-width: 150px) 100vw, 150px\" title=\"DomizilPlus Logo\" alt=\"DomizilPlus Logo\" \t\tclass=\"so-widget-image\"\/>\n\t\t\t<\/a><\/div>\n\n<\/div><\/div><\/div><\/div><\/div><div id=\"pg-6561-1\"  class=\"panel-grid panel-has-style\" ><div class=\"cta-startseite siteorigin-panels-stretch panel-row-style panel-row-style-for-6561-1\" data-stretch-type=\"full\" ><div id=\"pgc-6561-1-0\"  class=\"panel-grid-cell\" ><div id=\"panel-6561-1-0-0\" class=\"so-panel widget widget_sow-cta panel-first-child panel-last-child\" data-index=\"3\" ><div class=\"so-rounded panel-widget-style panel-widget-style-for-6561-1-0-0\" ><div\n\t\t\t\n\t\t\tclass=\"so-widget-sow-cta so-widget-sow-cta-default-ef72ff6b001e-6561\"\n\t\t\t\n\t\t><div\n\tclass=\"sow-cta-base\"\n\t>\n\t\n\t<div class=\"sow-cta-wrapper\">\n\n\t\t<div class=\"sow-cta-text\">\n\t\t\t\t\t\t\t<h2 class=\"sow-cta-title\">\n\t\t\t\t\tInteressiert?\t\t\t\t<\/h2>\n\t\t\t\n\t\t\t\t\t\t\t<h2 class=\"sow-cta-subtitle\">\n\t\t\t\t\tWir zeigen Ihnen gerne, wie Sie mit domizil<sup>+<\/sup> Rechnungswesen effizienter und einfacher arbeiten k\u00f6nnen als bisher.\t\t\t\t<\/h2>\n\t\t\t\t\t<\/div>\n\n\t\t<div\n\t\t\t\n\t\t\tclass=\"so-widget-sow-button so-widget-sow-button-flat-5abe44b2da9d\"\n\t\t\t\n\t\t><div class=\"ow-button-base ow-button-align-center\"\n>\n\t\t\t<a\n\t\t\t\t\thref=\"https:\/\/www.cp-immo.at\/home\/kontakt\/\"\n\t\t\t\t\tclass=\"sowb-button ow-icon-placement-left ow-button-hover\" \t>\n\t\t<span>\n\t\t\t\n\t\t\tJetzt R\u00fcckruf anfordern\t\t<\/span>\n\t\t\t<\/a>\n\t<\/div>\n<\/div>\n\t<\/div>\n\n\t<\/div>\n<\/div><\/div><\/div><\/div><\/div><\/div><\/div>","protected":false},"excerpt":{"rendered":"<p>Kaufanw\u00e4rterbuchhaltung Die Kaufanw\u00e4rterbuchhaltung\/Eigenmittelbuchhaltung ist eines der Programmodule von&nbsp;domizil+&nbsp;und umfasst die Verwal\u00adtung, Buchung und Abrechnung von Finanzierungsbeitr\u00e4gen (Grund- und Baukostenbeitr\u00e4ge) sowie &#8230; <a title=\"Kaufanw\u00e4rterbuchhaltung\" class=\"read-more\" href=\"https:\/\/www.cp-immo.at\/home\/produkt\/kaufanwaerterbuchhaltung\/\" aria-label=\"Mehr Informationen \u00fcber Kaufanw\u00e4rterbuchhaltung\">Weiterlesen<\/a><\/p>\n","protected":false},"author":463,"featured_media":0,"parent":6666,"menu_order":70,"comment_status":"closed","ping_status":"closed","template":"","meta":{"_bbp_topic_count":0,"_bbp_reply_count":0,"_bbp_total_topic_count":0,"_bbp_total_reply_count":0,"_bbp_voice_count":0,"_bbp_anonymous_reply_count":0,"_bbp_topic_count_hidden":0,"_bbp_reply_count_hidden":0,"_bbp_forum_subforum_count":0,"ngg_post_thumbnail":0,"footnotes":""},"class_list":["post-6561","page","type-page","status-publish"],"_links":{"self":[{"href":"https:\/\/www.cp-immo.at\/home\/wp-json\/wp\/v2\/pages\/6561","targetHints":{"allow":["GET"]}}],"collection":[{"href":"https:\/\/www.cp-immo.at\/home\/wp-json\/wp\/v2\/pages"}],"about":[{"href":"https:\/\/www.cp-immo.at\/home\/wp-json\/wp\/v2\/types\/page"}],"author":[{"embeddable":true,"href":"https:\/\/www.cp-immo.at\/home\/wp-json\/wp\/v2\/users\/463"}],"replies":[{"embeddable":true,"href":"https:\/\/www.cp-immo.at\/home\/wp-json\/wp\/v2\/comments?post=6561"}],"version-history":[{"count":4,"href":"https:\/\/www.cp-immo.at\/home\/wp-json\/wp\/v2\/pages\/6561\/revisions"}],"predecessor-version":[{"id":6963,"href":"https:\/\/www.cp-immo.at\/home\/wp-json\/wp\/v2\/pages\/6561\/revisions\/6963"}],"up":[{"embeddable":true,"href":"https:\/\/www.cp-immo.at\/home\/wp-json\/wp\/v2\/pages\/6666"}],"wp:attachment":[{"href":"https:\/\/www.cp-immo.at\/home\/wp-json\/wp\/v2\/media?parent=6561"}],"curies":[{"name":"wp","href":"https:\/\/api.w.org\/{rel}","templated":true}]}}