{"id":6559,"date":"2024-07-05T14:17:52","date_gmt":"2024-07-05T12:17:52","guid":{"rendered":"https:\/\/demo2.egm.at\/www.cp-immo.at\/?page_id=6559"},"modified":"2024-07-31T22:03:30","modified_gmt":"2024-07-31T20:03:30","slug":"darlehensbuchhaltung","status":"publish","type":"page","link":"https:\/\/www.cp-immo.at\/home\/produkt\/darlehensbuchhaltung\/","title":{"rendered":"Darlehensbuchhaltung"},"content":{"rendered":"<div id=\"pl-6559\"  class=\"panel-layout\" ><div id=\"pg-6559-0\"  class=\"panel-grid panel-has-style\" ><div class=\"prodetails panel-row-style panel-row-style-for-6559-0\" ><div id=\"pgc-6559-0-0\"  class=\"panel-grid-cell\" ><div id=\"panel-6559-0-0-0\" class=\"so-panel widget widget_sow-features panel-first-child panel-last-child\" data-index=\"0\" ><div class=\"panel-widget-style panel-widget-style-for-6559-0-0-0\" ><div\n\t\t\t\n\t\t\tclass=\"so-widget-sow-features so-widget-sow-features-default-373872da7f77-6559\"\n\t\t\t\n\t\t><ul\n\tclass=\"sow-features-list\n\tsow-features-responsive\">\n\n\t\t\t<li\n\t\t\tclass=\"sow-features-feature sow-icon-container-position-left\"\n\t\t\tstyle=\"display: flex; flex-direction: row-reverse; width: calc(100% - 25px);\"\n\t\t>\n\t\t\t\n\t\t\t\t\t\t<div\t\t\t\tclass=\"sow-icon-container sow-container-rounded-square\"\n\t\t\t\tstyle=\"color: #006298; \"\n\t\t\t\ttitle=\"Darlehensbuchhaltung\"\n\t\t\t\t\t\t\t>\n\t\t\t\t<span class=\"sow-icon-materialicons sowm-regular\" data-sow-icon=\"&#xeb70\"\n\t\tstyle=\"font-size: 130px; color: #ffffff\" \n\t\taria-hidden=\"true\"><\/span>\t\t\t<\/div>\n\n\t\t\t<div class=\"textwidget\">\n\t\t\t\t\n\t\t\t\t\t\t\t\t\t<h2 class=\"sow-features-feature-title\">\n\t\t\t\t\t\tDarlehensbuchhaltung\t\t\t\t\t<\/h2>\n\t\t\t\t\n\t\t\t\t\t\t\t\t\t<div class=\"sow-features-feature-text\">\n\t\t\t\t\t<p>Die Darlehensbuchhaltung ist eines der Programmodule von <strong>domizil<sup>+<\/sup><\/strong>&nbsp;und um\u00adfasst \u2013 den Darlehensbereich betreffend \u2013 die ge\u00adsamte Abwicklung, Verwaltung und Buchung der Fremdfinanzierung. Die Darlehensbuchhaltung bietet folgende wesentliche Schwerpunkte:<\/p>\n<ul>\n<li>Mehrere Jahre gleichzeitig im Zugriff<\/li>\n<li>Darlehenssummen f\u00fcr Objekt- und Bestandnehmerdarlehen<\/li>\n<li>Buchung der Annuit\u00e4ten (Tilgung, Zinsen, Zuschuss) im Objekt oder wahlweise auf Darlehensnehmer<\/li>\n<li>Automatische Summenf\u00fchrung (z.B. Tilgung, Restschuld, Zinsen, Zuschuss, etc.) f\u00fcr das laufende Jahr und insgesamt<\/li>\n<li>Alle Informationen f\u00fcr das Objekt und den einzelnen Darlehensnehmer werden in der Bestandnehmerbuchhaltung gewartet (keine doppelte Wartungserfordernis \u2013 dadurch einfache und zentrale Wartung)<\/li>\n<li>Ber\u00fccksichtigung besonderer F\u00f6rdermodelle (z.B. F\u00f6rderung O\u00d6, N\u00d6 FM 93, usw.)<\/li>\n<li>M\u00f6glichkeit zum Buchungsimport (Datentr\u00e4ger, Importdatei) aus Kreditmanager oder anderen Quellen<\/li>\n<li>Unterst\u00fctzung der Mischobjektlogik<\/li>\n<li>Automatische Ber\u00fccksichtigung einer etwaigen Grundfinanzierung<\/li>\n<li>Kontoauszug f\u00fcr Darlehensnehmer (Bestandnehmer)<\/li>\n<li>M\u00f6glichkeit zur Ermittlung von Ansparraten<\/li>\n<li>M\u00f6glichkeit zur Ermittlung der erstmaligen Zusch\u00fcsse<\/li>\n<li>Darlehensaufrollung bei Endabrechnung<\/li>\n<li>Annuit\u00e4tenabrechnung<\/li>\n<li>Saldenbest\u00e4tigung in Briefform f\u00fcr beliebige Darlehensgeber<\/li>\n<li>Automatische Errechnung von Mehr-\/Mindertilgung mit Buchung<\/li>\n<li>Automatische Darlehensabgrenzung mit Buchung<\/li>\n<li>Individuelle Texte f\u00fcr Kontoauszug, Saldenbest\u00e4tigung und Annuit\u00e4tenabrechnung<\/li>\n<li>Buchungen pro Subdarlehen (auf Kontoausz\u00fcgen alle Buchungen eines einzelnen Darlehensnehmers) oder pro Globaldarlehen<\/li>\n<li>Variable Absummierungsm\u00f6glichkeit in die Objekt- und Finanzbuchhaltung<\/li>\n<li>Diverse Auswertungsm\u00f6glichkeiten (konfigurierbare Darlehensliste, Bilanzliste, Darlehensgeberliste, F\u00e4lligkeitsliste, etc.)<\/li>\n<\/ul>\n\t\t\t\t\t<\/div>\n\t\t\t\t\t\t\t\t<\/div>\n\t\t\t\t\t\t\t\t<\/li>\n\n\t<\/ul>\n<\/div><\/div><\/div><\/div><div id=\"pgc-6559-0-1\"  class=\"panel-grid-cell\" ><div id=\"panel-6559-0-1-0\" class=\"so-panel widget widget_nav_menu panel-first-child\" data-index=\"1\" ><div class=\"menu-produktfeatures-container\"><ul id=\"menu-produktfeatures\" class=\"menu\"><li id=\"menu-item-6928\" class=\"menu-item menu-item-type-post_type menu-item-object-page menu-item-has-children menu-item-6928\"><a href=\"https:\/\/www.cp-immo.at\/home\/produkt\/\">Produktinfo<\/a>\n<ul class=\"sub-menu\">\n\t<li id=\"menu-item-6937\" class=\"menu-item menu-item-type-post_type menu-item-object-page menu-item-6937\"><a href=\"https:\/\/www.cp-immo.at\/home\/produkt\/finanzbuchhaltung-objektbuchhaltung\/\">Finanzbuchhaltung + Objektbuchhaltung<\/a><\/li>\n\t<li id=\"menu-item-6936\" class=\"menu-item menu-item-type-post_type menu-item-object-page menu-item-6936\"><a href=\"https:\/\/www.cp-immo.at\/home\/produkt\/bestandnehmerbuchhaltung\/\">Bestandnehmerbuchhaltung<\/a><\/li>\n\t<li id=\"menu-item-6935\" class=\"menu-item menu-item-type-post_type menu-item-object-page menu-item-6935\"><a href=\"https:\/\/www.cp-immo.at\/home\/produkt\/jahresabrechnung\/\">Jahresabrechnung<\/a><\/li>\n\t<li id=\"menu-item-6934\" class=\"menu-item menu-item-type-post_type menu-item-object-page menu-item-6934\"><a href=\"https:\/\/www.cp-immo.at\/home\/produkt\/kreditorenbuchhaltung\/\">Kreditorenbuchhaltung<\/a><\/li>\n\t<li id=\"menu-item-6933\" class=\"menu-item menu-item-type-post_type menu-item-object-page menu-item-6933\"><a href=\"https:\/\/www.cp-immo.at\/home\/produkt\/baubuchhaltung\/\">Baubuchhaltung<\/a><\/li>\n\t<li id=\"menu-item-6932\" class=\"menu-item menu-item-type-post_type menu-item-object-page menu-item-6932\"><a href=\"https:\/\/www.cp-immo.at\/home\/produkt\/darlehensbuchhaltung\/\">Darlehensbuchhaltung<\/a><\/li>\n\t<li id=\"menu-item-6931\" class=\"menu-item menu-item-type-post_type menu-item-object-page menu-item-6931\"><a href=\"https:\/\/www.cp-immo.at\/home\/produkt\/kaufanwaerterbuchhaltung\/\">Kaufanw\u00e4rterbuchhaltung<\/a><\/li>\n\t<li id=\"menu-item-6930\" class=\"menu-item menu-item-type-post_type menu-item-object-page menu-item-6930\"><a href=\"https:\/\/www.cp-immo.at\/home\/produkt\/mitgliederbuchhaltung\/\">Mitgliederbuchhaltung<\/a><\/li>\n\t<li id=\"menu-item-6929\" class=\"menu-item menu-item-type-post_type menu-item-object-page menu-item-6929\"><a href=\"https:\/\/www.cp-immo.at\/home\/produkt\/sonstige-module\/\">Sonstige Module<\/a><\/li>\n<\/ul>\n<\/li>\n<\/ul><\/div><\/div><div id=\"panel-6559-0-1-1\" class=\"so-panel widget widget_sow-image panel-last-child\" data-index=\"2\" ><div\n\t\t\t\n\t\t\tclass=\"so-widget-sow-image so-widget-sow-image-default-4e6925654b7a-6559\"\n\t\t\t\n\t\t>\n<div class=\"sow-image-container\">\n\t\t\t<a href=\"https:\/\/www.domizilplus.at\/de\/rechnungswesen\"\n\t\t\ttarget=\"_blank\" rel=\"noopener noreferrer\" \t\t>\n\t\t\t<img \n\tsrc=\"https:\/\/www.cp-immo.at\/home\/wp-content\/uploads\/2019\/04\/cropped-dpluslogo-150x150.png\" width=\"150\" height=\"150\" srcset=\"https:\/\/www.cp-immo.at\/home\/wp-content\/uploads\/2019\/04\/cropped-dpluslogo-150x150.png 150w, https:\/\/www.cp-immo.at\/home\/wp-content\/uploads\/2019\/04\/cropped-dpluslogo-300x300.png 300w, https:\/\/www.cp-immo.at\/home\/wp-content\/uploads\/2019\/04\/cropped-dpluslogo-360x360.png 360w, https:\/\/www.cp-immo.at\/home\/wp-content\/uploads\/2019\/04\/cropped-dpluslogo.png 628w\" sizes=\"(max-width: 150px) 100vw, 150px\" title=\"DomizilPlus Logo\" alt=\"DomizilPlus Logo\" \t\tclass=\"so-widget-image\"\/>\n\t\t\t<\/a><\/div>\n\n<\/div><\/div><\/div><\/div><\/div><div id=\"pg-6559-1\"  class=\"panel-grid panel-has-style\" ><div class=\"cta-startseite siteorigin-panels-stretch panel-row-style panel-row-style-for-6559-1\" data-stretch-type=\"full\" ><div id=\"pgc-6559-1-0\"  class=\"panel-grid-cell\" ><div id=\"panel-6559-1-0-0\" class=\"so-panel widget widget_sow-cta panel-first-child panel-last-child\" data-index=\"3\" ><div class=\"so-rounded panel-widget-style panel-widget-style-for-6559-1-0-0\" ><div\n\t\t\t\n\t\t\tclass=\"so-widget-sow-cta so-widget-sow-cta-default-ef72ff6b001e-6559\"\n\t\t\t\n\t\t><div\n\tclass=\"sow-cta-base\"\n\t>\n\t\n\t<div class=\"sow-cta-wrapper\">\n\n\t\t<div class=\"sow-cta-text\">\n\t\t\t\t\t\t\t<h2 class=\"sow-cta-title\">\n\t\t\t\t\tInteressiert?\t\t\t\t<\/h2>\n\t\t\t\n\t\t\t\t\t\t\t<h2 class=\"sow-cta-subtitle\">\n\t\t\t\t\tWir zeigen Ihnen gerne, wie Sie mit domizil<sup>+<\/sup> Rechnungswesen effizienter und einfacher arbeiten k\u00f6nnen als bisher.\t\t\t\t<\/h2>\n\t\t\t\t\t<\/div>\n\n\t\t<div\n\t\t\t\n\t\t\tclass=\"so-widget-sow-button so-widget-sow-button-flat-5abe44b2da9d\"\n\t\t\t\n\t\t><div class=\"ow-button-base ow-button-align-center\"\n>\n\t\t\t<a\n\t\t\t\t\thref=\"https:\/\/www.cp-immo.at\/home\/kontakt\/\"\n\t\t\t\t\tclass=\"sowb-button ow-icon-placement-left ow-button-hover\" \t>\n\t\t<span>\n\t\t\t\n\t\t\tJetzt R\u00fcckruf anfordern\t\t<\/span>\n\t\t\t<\/a>\n\t<\/div>\n<\/div>\n\t<\/div>\n\n\t<\/div>\n<\/div><\/div><\/div><\/div><\/div><\/div><\/div>","protected":false},"excerpt":{"rendered":"<p>Darlehensbuchhaltung Die Darlehensbuchhaltung ist eines der Programmodule von domizil+&nbsp;und um\u00adfasst \u2013 den Darlehensbereich betreffend \u2013 die ge\u00adsamte Abwicklung, Verwaltung und &#8230; <a title=\"Darlehensbuchhaltung\" class=\"read-more\" href=\"https:\/\/www.cp-immo.at\/home\/produkt\/darlehensbuchhaltung\/\" aria-label=\"Mehr Informationen \u00fcber Darlehensbuchhaltung\">Weiterlesen<\/a><\/p>\n","protected":false},"author":463,"featured_media":0,"parent":6666,"menu_order":60,"comment_status":"closed","ping_status":"closed","template":"","meta":{"_bbp_topic_count":0,"_bbp_reply_count":0,"_bbp_total_topic_count":0,"_bbp_total_reply_count":0,"_bbp_voice_count":0,"_bbp_anonymous_reply_count":0,"_bbp_topic_count_hidden":0,"_bbp_reply_count_hidden":0,"_bbp_forum_subforum_count":0,"ngg_post_thumbnail":0,"footnotes":""},"class_list":["post-6559","page","type-page","status-publish"],"_links":{"self":[{"href":"https:\/\/www.cp-immo.at\/home\/wp-json\/wp\/v2\/pages\/6559","targetHints":{"allow":["GET"]}}],"collection":[{"href":"https:\/\/www.cp-immo.at\/home\/wp-json\/wp\/v2\/pages"}],"about":[{"href":"https:\/\/www.cp-immo.at\/home\/wp-json\/wp\/v2\/types\/page"}],"author":[{"embeddable":true,"href":"https:\/\/www.cp-immo.at\/home\/wp-json\/wp\/v2\/users\/463"}],"replies":[{"embeddable":true,"href":"https:\/\/www.cp-immo.at\/home\/wp-json\/wp\/v2\/comments?post=6559"}],"version-history":[{"count":4,"href":"https:\/\/www.cp-immo.at\/home\/wp-json\/wp\/v2\/pages\/6559\/revisions"}],"predecessor-version":[{"id":6960,"href":"https:\/\/www.cp-immo.at\/home\/wp-json\/wp\/v2\/pages\/6559\/revisions\/6960"}],"up":[{"embeddable":true,"href":"https:\/\/www.cp-immo.at\/home\/wp-json\/wp\/v2\/pages\/6666"}],"wp:attachment":[{"href":"https:\/\/www.cp-immo.at\/home\/wp-json\/wp\/v2\/media?parent=6559"}],"curies":[{"name":"wp","href":"https:\/\/api.w.org\/{rel}","templated":true}]}}