{"id":1221,"date":"2019-10-21T22:06:18","date_gmt":"2019-10-21T20:06:18","guid":{"rendered":"http:\/\/www.cp-immo.at\/home\/?page_id=1221"},"modified":"2019-10-25T16:46:22","modified_gmt":"2019-10-25T14:46:22","slug":"anwendertreffen-2019","status":"publish","type":"page","link":"https:\/\/www.cp-immo.at\/home\/anwendertreffen-2019\/","title":{"rendered":"Anwendertreffen 2019"},"content":{"rendered":"<p>Am Donnerstag den 10. Oktober 2019 fand das diesj\u00e4hrige DOMIZIL Anwendertreffen statt. Unsere Kundenveranstaltung stand diesmal ganz im Zeichen unseres 10-j\u00e4hrigen Firmenjubil\u00e4ums und wir konnten &#8211; wie jedes Jahr &#8211; eine gro\u00dfe Zahl unserer Kunden begr\u00fc\u00dfen.&nbsp;<\/p>\n<p>An unseren Messest\u00e4nden sowie in Fachvortr\u00e4gen informierten wir \u00fcber das abgelaufene Jahr, Neuigkeiten und unsere Vorhaben f\u00fcr die n\u00e4chste Zukunft.&nbsp;<\/p>\n<p>Ein gelungenes Fest, das sehr guten Anklang fand &#8211; hier einige Einblicke&#8230;<\/p>\nngg_shortcode_0_placeholder\n","protected":false},"excerpt":{"rendered":"<p>Am Donnerstag den 10. Oktober 2019 fand das diesj\u00e4hrige DOMIZIL Anwendertreffen statt. Unsere Kundenveranstaltung stand diesmal ganz im Zeichen unseres &#8230; <a title=\"Anwendertreffen 2019\" class=\"read-more\" href=\"https:\/\/www.cp-immo.at\/home\/anwendertreffen-2019\/\" aria-label=\"Mehr Informationen \u00fcber Anwendertreffen 2019\">Weiterlesen<\/a><\/p>\n","protected":false},"author":6,"featured_media":0,"parent":0,"menu_order":0,"comment_status":"closed","ping_status":"closed","template":"","meta":{"_bbp_topic_count":0,"_bbp_reply_count":0,"_bbp_total_topic_count":0,"_bbp_total_reply_count":0,"_bbp_voice_count":0,"_bbp_anonymous_reply_count":0,"_bbp_topic_count_hidden":0,"_bbp_reply_count_hidden":0,"_bbp_forum_subforum_count":0,"ngg_post_thumbnail":0,"footnotes":""},"class_list":["post-1221","page","type-page","status-publish"],"_links":{"self":[{"href":"https:\/\/www.cp-immo.at\/home\/wp-json\/wp\/v2\/pages\/1221","targetHints":{"allow":["GET"]}}],"collection":[{"href":"https:\/\/www.cp-immo.at\/home\/wp-json\/wp\/v2\/pages"}],"about":[{"href":"https:\/\/www.cp-immo.at\/home\/wp-json\/wp\/v2\/types\/page"}],"author":[{"embeddable":true,"href":"https:\/\/www.cp-immo.at\/home\/wp-json\/wp\/v2\/users\/6"}],"replies":[{"embeddable":true,"href":"https:\/\/www.cp-immo.at\/home\/wp-json\/wp\/v2\/comments?post=1221"}],"version-history":[{"count":11,"href":"https:\/\/www.cp-immo.at\/home\/wp-json\/wp\/v2\/pages\/1221\/revisions"}],"predecessor-version":[{"id":1993,"href":"https:\/\/www.cp-immo.at\/home\/wp-json\/wp\/v2\/pages\/1221\/revisions\/1993"}],"wp:attachment":[{"href":"https:\/\/www.cp-immo.at\/home\/wp-json\/wp\/v2\/media?parent=1221"}],"curies":[{"name":"wp","href":"https:\/\/api.w.org\/{rel}","templated":true}]}}